{"id":939,"date":"2024-04-10T11:30:56","date_gmt":"2024-04-10T14:30:56","guid":{"rendered":"https:\/\/olivroseladodemormon.org\/?page_id=939"},"modified":"2024-04-12T11:33:00","modified_gmt":"2024-04-12T14:33:00","slug":"herald","status":"publish","type":"page","link":"https:\/\/olivroseladodemormon.org\/en\/church\/herald\/","title":{"rendered":"The Herald"},"content":{"rendered":"<section class=\"l-section wpb_row height_medium\"><div class=\"l-section-h i-cf\"><div class=\"g-cols vc_row via_grid cols_1 laptops-cols_inherit tablets-cols_inherit mobiles-cols_1 valign_top type_default stacking_default\"><div class=\"wpb_column vc_column_container\"><div class=\"vc_column-inner\"><div class=\"w-image align_center\"><div class=\"w-image-h\"><img decoding=\"async\" width=\"800\" height=\"325\" src=\"https:\/\/olivroseladodemormon.org\/wp-content\/uploads\/2024\/04\/ARAUTO-INGLES-800x325.jpg\" class=\"attachment-us_800_800 size-us_800_800\" alt=\"\" srcset=\"https:\/\/olivroseladodemormon.org\/wp-content\/uploads\/2024\/04\/ARAUTO-INGLES-800x325.jpg 800w, https:\/\/olivroseladodemormon.org\/wp-content\/uploads\/2024\/04\/ARAUTO-INGLES-300x122.jpg 300w, https:\/\/olivroseladodemormon.org\/wp-content\/uploads\/2024\/04\/ARAUTO-INGLES-1024x417.jpg 1024w, https:\/\/olivroseladodemormon.org\/wp-content\/uploads\/2024\/04\/ARAUTO-INGLES.jpg 1428w\" sizes=\"(max-width: 800px) 100vw, 800px\" \/><\/div><\/div><\/div><\/div><\/div><\/div><\/section><section class=\"l-section wpb_row height_medium\"><div class=\"l-section-h i-cf\"><div class=\"g-cols vc_row via_grid cols_1 laptops-cols_inherit tablets-cols_inherit mobiles-cols_1 valign_top type_default stacking_default\"><div class=\"wpb_column vc_column_container\"><div class=\"vc_column-inner\"><div class=\"w-grid type_grid layout_1053 cols_2\" id=\"us_grid_1\" style=\"--gap:1.5rem;\" data-filterable=\"true\"><style>@media (max-width:768px){#us_grid_1 .w-grid-list{margin:0}#us_grid_1 .w-grid-item{width:100%;padding:0;margin-bottom:var(--gap,0px)}}.layout_1053 .w-grid-item-h{}.layout_1053 .usg_post_date_1{font-weight:600!important;margin-top:6px!important;margin-bottom:6px!important;border-bottom-width:1px!important;border-color:#333333!important;border-bottom-style:solid!important}.layout_1053 .usg_post_content_1{text-align:justify!important;padding-top:6px!important;padding-bottom:6px!important}<\/style><div class=\"w-grid-list\">\t<article class=\"w-grid-item post-2912 post type-post status-publish format-standard hentry category-the-herald\" data-id=\"2912\">\r\n\t\t<div class=\"w-grid-item-h\">\r\n\t\t\t\t\t\t<time class=\"w-post-elm post_date usg_post_date_1 entry-date published\" datetime=\"2025-12-01T00:04:28-03:00\">December 1, 2025<\/time><h3 class=\"w-post-elm post_title usg_post_title_1 entry-title color_link_inherit\"><a href=\"https:\/\/olivroseladodemormon.org\/en\/editorial-signs-from-heaven-and-the-expansion-of-divine-inclusion-by-joao-vendemiatti\/\">Editorial: Signs from Heaven and the Expansion of Divine Inclusion \u2014 By Jo\u00e3o Vendemiatti<\/a><\/h3><div class=\"w-post-elm post_content usg_post_content_1\">The last few years have been marked by profound spiritual experiences and revelations that shape how the faith community understands its mission in the latter days. Two recent accounts\u2014the vivid&hellip;<\/div><a class=\"w-btn us-btn-style_1 usg_btn_1\" href=\"https:\/\/olivroseladodemormon.org\/en\/editorial-signs-from-heaven-and-the-expansion-of-divine-inclusion-by-joao-vendemiatti\/\"><span class=\"w-btn-label\">Read more<\/span><\/a>\t\t<\/div>\r\n\t<\/article>\r\n\t<article class=\"w-grid-item post-2915 post type-post status-publish format-standard hentry category-the-herald\" data-id=\"2915\">\r\n\t\t<div class=\"w-grid-item-h\">\r\n\t\t\t\t\t\t<time class=\"w-post-elm post_date usg_post_date_1 entry-date published\" datetime=\"2025-12-01T00:03:15-03:00\">December 1, 2025<\/time><h3 class=\"w-post-elm post_title usg_post_title_1 entry-title color_link_inherit\"><a href=\"https:\/\/olivroseladodemormon.org\/en\/announcements-2\/\">Announcements<\/a><\/h3><div class=\"w-post-elm post_content usg_post_content_1\">And he showed me a pure river of water of life, clear as crystal, proceeding out of the throne of God and of the Lamb. (Revelation 22:1). It is expedient&hellip;<\/div><a class=\"w-btn us-btn-style_1 usg_btn_1\" href=\"https:\/\/olivroseladodemormon.org\/en\/announcements-2\/\"><span class=\"w-btn-label\">Read more<\/span><\/a>\t\t<\/div>\r\n\t<\/article>\r\n\t<article class=\"w-grid-item post-2901 post type-post status-publish format-standard hentry category-the-herald\" data-id=\"2901\">\r\n\t\t<div class=\"w-grid-item-h\">\r\n\t\t\t\t\t\t<time class=\"w-post-elm post_date usg_post_date_1 entry-date published\" datetime=\"2025-12-01T00:02:42-03:00\">December 1, 2025<\/time><h3 class=\"w-post-elm post_title usg_post_title_1 entry-title color_link_inherit\"><a href=\"https:\/\/olivroseladodemormon.org\/en\/all-are-accepted-by-god-inclusion-covenant-and-justice-in-the-2020-revelation-rafaela-berger-president-of-the-vale-fertil-organization\/\">All Are Accepted by God: Inclusion, Covenant, and Justice in the 2020 Revelation \u2014 By Rafaela Berger \u2013 President of the Vale F\u00e9rtil Organization<\/a><\/h3><div class=\"w-post-elm post_content usg_post_content_1\">The revelation given by God in 2020 through Mauricio Artur Berger marked a turning point in the spiritual history of the last days. By declaring that all are accepted\u2014without exception,&hellip;<\/div><a class=\"w-btn us-btn-style_1 usg_btn_1\" href=\"https:\/\/olivroseladodemormon.org\/en\/all-are-accepted-by-god-inclusion-covenant-and-justice-in-the-2020-revelation-rafaela-berger-president-of-the-vale-fertil-organization\/\"><span class=\"w-btn-label\">Read more<\/span><\/a>\t\t<\/div>\r\n\t<\/article>\r\n\t<article class=\"w-grid-item post-2907 post type-post status-publish format-standard hentry category-the-herald\" data-id=\"2907\">\r\n\t\t<div class=\"w-grid-item-h\">\r\n\t\t\t\t\t\t<time class=\"w-post-elm post_date usg_post_date_1 entry-date published\" datetime=\"2025-12-01T00:01:51-03:00\">December 1, 2025<\/time><h3 class=\"w-post-elm post_title usg_post_title_1 entry-title color_link_inherit\"><a href=\"https:\/\/olivroseladodemormon.org\/en\/report-on-the-12-01-at-the-refuge-of-zion-in-agudo-rs-by-diego-de-oliveira-ferreira\/\">Report on the January 12\/2025 at the Refuge of Zion in Agudo RS \u2014 By Diego de Oliveira Ferreira<\/a><\/h3><div class=\"w-post-elm post_content usg_post_content_1\">With immense joy and gratitude in my heart, I was privileged to witness a truly magnificent and sacred moment. In a place chosen by our Master Jesus Christ, I witnessed&hellip;<\/div><a class=\"w-btn us-btn-style_1 usg_btn_1\" href=\"https:\/\/olivroseladodemormon.org\/en\/report-on-the-12-01-at-the-refuge-of-zion-in-agudo-rs-by-diego-de-oliveira-ferreira\/\"><span class=\"w-btn-label\">Read more<\/span><\/a>\t\t<\/div>\r\n\t<\/article>\r\n\t<article class=\"w-grid-item post-2871 post type-post status-publish format-standard hentry category-the-herald\" data-id=\"2871\">\r\n\t\t<div class=\"w-grid-item-h\">\r\n\t\t\t\t\t\t<time class=\"w-post-elm post_date usg_post_date_1 entry-date published\" datetime=\"2025-11-01T00:04:29-03:00\">November 1, 2025<\/time><h3 class=\"w-post-elm post_title usg_post_title_1 entry-title color_link_inherit\"><a href=\"https:\/\/olivroseladodemormon.org\/en\/announcements\/\">Announcements<\/a><\/h3><div class=\"w-post-elm post_content usg_post_content_1\">And he showed me a pure river of water of life, clear as crystal, proceeding out of the throne of God and of the Lamb. (Revelation 22:1). It is expedient&hellip;<\/div><a class=\"w-btn us-btn-style_1 usg_btn_1\" href=\"https:\/\/olivroseladodemormon.org\/en\/announcements\/\"><span class=\"w-btn-label\">Read more<\/span><\/a>\t\t<\/div>\r\n\t<\/article>\r\n\t<article class=\"w-grid-item post-2865 post type-post status-publish format-standard hentry category-the-herald\" data-id=\"2865\">\r\n\t\t<div class=\"w-grid-item-h\">\r\n\t\t\t\t\t\t<time class=\"w-post-elm post_date usg_post_date_1 entry-date published\" datetime=\"2025-11-01T00:03:26-03:00\">November 1, 2025<\/time><h3 class=\"w-post-elm post_title usg_post_title_1 entry-title color_link_inherit\"><a href=\"https:\/\/olivroseladodemormon.org\/en\/editorial-by-robert-l-cackler-presiding-bishop-all-things\/\">Editorial by Robert L. Cackler \u2014 Presiding Bishop \u2014 All Things<\/a><\/h3><div class=\"w-post-elm post_content usg_post_content_1\">Think big! Try to envision the immensity of all things, excluding nothing. Imagine a reality where there is no limit to the number of things that our minds and hearts&hellip;<\/div><a class=\"w-btn us-btn-style_1 usg_btn_1\" href=\"https:\/\/olivroseladodemormon.org\/en\/editorial-by-robert-l-cackler-presiding-bishop-all-things\/\"><span class=\"w-btn-label\">Read more<\/span><\/a>\t\t<\/div>\r\n\t<\/article>\r\n\t<article class=\"w-grid-item post-2859 post type-post status-publish format-standard hentry category-the-herald\" data-id=\"2859\">\r\n\t\t<div class=\"w-grid-item-h\">\r\n\t\t\t\t\t\t<time class=\"w-post-elm post_date usg_post_date_1 entry-date published\" datetime=\"2025-11-01T00:02:21-03:00\">November 1, 2025<\/time><h3 class=\"w-post-elm post_title usg_post_title_1 entry-title color_link_inherit\"><a href=\"https:\/\/olivroseladodemormon.org\/en\/a-memorable-night-by-apostle-jefferson-silva-madeira\/\">A Memorable Night by Apostle Jefferson Silva Madeira<\/a><\/h3><div class=\"w-post-elm post_content usg_post_content_1\">On Saturday, January 11, 2025, at the request of Brother Maur\u00edcio Artur Berger, some elders and fellow believers traveled together to Zion&#8217;s Refuge \u2013 Southern Unit, located in the city&hellip;<\/div><a class=\"w-btn us-btn-style_1 usg_btn_1\" href=\"https:\/\/olivroseladodemormon.org\/en\/a-memorable-night-by-apostle-jefferson-silva-madeira\/\"><span class=\"w-btn-label\">Read more<\/span><\/a>\t\t<\/div>\r\n\t<\/article>\r\n\t<article class=\"w-grid-item post-2846 post type-post status-publish format-standard hentry category-the-herald\" data-id=\"2846\">\r\n\t\t<div class=\"w-grid-item-h\">\r\n\t\t\t\t\t\t<time class=\"w-post-elm post_date usg_post_date_1 entry-date published\" datetime=\"2025-11-01T00:01:19-03:00\">November 1, 2025<\/time><h3 class=\"w-post-elm post_title usg_post_title_1 entry-title color_link_inherit\"><a href=\"https:\/\/olivroseladodemormon.org\/en\/hebrew-poetry-in-the-sealed-book-part-2-by-renee-sheryl-crowell\/\">Hebrew Poetry in the Sealed Book \u2014 Part 2 \u2014 by Renee Sheryl Crowell<\/a><\/h3><div class=\"w-post-elm post_content usg_post_content_1\">1. In the article, Hebrew Poetry in the Sealed Book Part 1, published in the Herald of the Second Invitation on October 1, 2025, we learned how to discover synonymous&hellip;<\/div><a class=\"w-btn us-btn-style_1 usg_btn_1\" href=\"https:\/\/olivroseladodemormon.org\/en\/hebrew-poetry-in-the-sealed-book-part-2-by-renee-sheryl-crowell\/\"><span class=\"w-btn-label\">Read more<\/span><\/a>\t\t<\/div>\r\n\t<\/article>\r\n\t<article class=\"w-grid-item post-2742 post type-post status-publish format-standard hentry category-the-herald\" data-id=\"2742\">\r\n\t\t<div class=\"w-grid-item-h\">\r\n\t\t\t\t\t\t<time class=\"w-post-elm post_date usg_post_date_1 entry-date published\" datetime=\"2025-10-01T00:04:31-03:00\">October 1, 2025<\/time><h3 class=\"w-post-elm post_title usg_post_title_1 entry-title color_link_inherit\"><a href=\"https:\/\/olivroseladodemormon.org\/en\/editorial-by-samuel-s-gould-patriarch-president\/\">Editorial by Samuel S. Gould \u2013 Patriarch-President<\/a><\/h3><div class=\"w-post-elm post_content usg_post_content_1\">Notice is given that adequate spiritual, personal and financial preparations can be made in anticipation of the General Assembly that has been directed by revelation for July 04, 2026.\u00a0 (Note:&hellip;<\/div><a class=\"w-btn us-btn-style_1 usg_btn_1\" href=\"https:\/\/olivroseladodemormon.org\/en\/editorial-by-samuel-s-gould-patriarch-president\/\"><span class=\"w-btn-label\">Read more<\/span><\/a>\t\t<\/div>\r\n\t<\/article>\r\n\t<article class=\"w-grid-item post-2731 post type-post status-publish format-standard hentry category-the-herald\" data-id=\"2731\">\r\n\t\t<div class=\"w-grid-item-h\">\r\n\t\t\t\t\t\t<time class=\"w-post-elm post_date usg_post_date_1 entry-date published\" datetime=\"2025-10-01T00:03:22-03:00\">October 1, 2025<\/time><h3 class=\"w-post-elm post_title usg_post_title_1 entry-title color_link_inherit\"><a href=\"https:\/\/olivroseladodemormon.org\/en\/announcements-by-patriarch-president-samuel-s-gould-10\/\">Announcements by Patriarch \u2013 President Samuel S. Gould<\/a><\/h3><div class=\"w-post-elm post_content usg_post_content_1\">And he showed me a pure river of water of life, clear as crystal, proceeding out of the throne of God and of the Lamb. (Revelation 22:1). It is expedient&hellip;<\/div><a class=\"w-btn us-btn-style_1 usg_btn_1\" href=\"https:\/\/olivroseladodemormon.org\/en\/announcements-by-patriarch-president-samuel-s-gould-10\/\"><span class=\"w-btn-label\">Read more<\/span><\/a>\t\t<\/div>\r\n\t<\/article>\r\n<\/div><div class=\"w-grid-preloader\"><div class=\"g-preloader type_1\">\r\n\t<div><\/div>\r\n<\/div>\r\n<\/div>\t\t<div class=\"g-loadmore \">\r\n\t\t\t<div class=\"g-preloader type_1\">\r\n\t\t\t\t<div><\/div>\r\n\t\t\t<\/div>\r\n\t\t\t<button class=\"w-btn us-btn-style_1\">\r\n\t\t\t\t<span class=\"w-btn-label\">Ver mais<\/span>\r\n\t\t\t<\/button>\r\n\t\t<\/div>\r\n\t\t\t<div class=\"w-grid-json hidden\" onclick='return {&quot;action&quot;:&quot;us_ajax_grid&quot;,&quot;ajax_url&quot;:&quot;https:\\\/\\\/olivroseladodemormon.org\\\/wp-admin\\\/admin-ajax.php&quot;,&quot;infinite_scroll&quot;:0,&quot;max_num_pages&quot;:8,&quot;pagination&quot;:&quot;ajax&quot;,&quot;permalink_url&quot;:&quot;https:\\\/\\\/olivroseladodemormon.org\\\/en\\\/wp-json\\\/wp\\\/v2\\\/pages\\\/939\\\/&quot;,&quot;template_vars&quot;:{&quot;columns&quot;:&quot;2&quot;,&quot;exclude_items&quot;:&quot;none&quot;,&quot;img_size&quot;:&quot;default&quot;,&quot;ignore_items_size&quot;:0,&quot;items_layout&quot;:&quot;1053&quot;,&quot;items_offset&quot;:&quot;1&quot;,&quot;load_animation&quot;:&quot;none&quot;,&quot;overriding_link&quot;:&quot;none&quot;,&quot;post_id&quot;:0,&quot;query_args&quot;:{&quot;post_type&quot;:[&quot;post&quot;],&quot;tax_query&quot;:[{&quot;taxonomy&quot;:&quot;category&quot;,&quot;field&quot;:&quot;slug&quot;,&quot;terms&quot;:[&quot;the-herald&quot;]}],&quot;post_status&quot;:[&quot;publish&quot;],&quot;posts_per_page&quot;:&quot;10&quot;},&quot;orderby_query_args&quot;:{&quot;orderby&quot;:{&quot;date&quot;:&quot;DESC&quot;}},&quot;type&quot;:&quot;grid&quot;,&quot;us_grid_ajax_index&quot;:1,&quot;us_grid_filter_params&quot;:null,&quot;us_grid_index&quot;:1,&quot;_us_grid_post_type&quot;:&quot;post&quot;,&quot;page_args&quot;:[],&quot;lang&quot;:&quot;en&quot;}}'><\/div>\r\n\t<\/div><\/div><\/div><\/div><\/div><\/section>\n","protected":false},"excerpt":{"rendered":"And he showed me a pure river of water of life, clear as crystal, proceeding out of the throne of God and of the Lamb. (Revelation 22:1). It is expedient that the preliminary planning commences for the General Conference that is currently scheduled for the first week of July 2026. \u00a0It is incumbent upon all...","protected":false},"author":12,"featured_media":0,"parent":304,"menu_order":0,"comment_status":"closed","ping_status":"closed","template":"","meta":{"_monsterinsights_skip_tracking":false,"_monsterinsights_sitenote_active":false,"_monsterinsights_sitenote_note":"","_monsterinsights_sitenote_category":0,"_uf_show_specific_survey":0,"_uf_disable_surveys":false,"footnotes":""},"class_list":["post-939","page","type-page","status-publish","hentry"],"yoast_head":"<!-- This site is optimized with the Yoast SEO plugin v27.4 - https:\/\/yoast.com\/product\/yoast-seo-wordpress\/ -->\n<title>The Herald<\/title>\n<meta name=\"robots\" content=\"index, follow, max-snippet:-1, max-image-preview:large, max-video-preview:-1\" \/>\n<link rel=\"canonical\" href=\"https:\/\/olivroseladodemormon.org\/en\/church\/herald\/\" \/>\n<meta property=\"og:locale\" content=\"en_US\" \/>\n<meta property=\"og:type\" content=\"article\" \/>\n<meta property=\"og:title\" content=\"The Herald\" \/>\n<meta property=\"og:url\" content=\"https:\/\/olivroseladodemormon.org\/en\/church\/herald\/\" \/>\n<meta property=\"og:site_name\" content=\"The Sealed Book of Mormon\" \/>\n<meta property=\"article:publisher\" content=\"https:\/\/www.facebook.com\/olivroseladodemormon\" \/>\n<meta property=\"article:modified_time\" content=\"2024-04-12T14:33:00+00:00\" \/>\n<meta name=\"twitter:card\" content=\"summary_large_image\" \/>\n<meta name=\"twitter:label1\" content=\"Est. reading time\" \/>\n\t<meta name=\"twitter:data1\" content=\"1 minute\" \/>\n<script type=\"application\/ld+json\" class=\"yoast-schema-graph\">{\"@context\":\"https:\\\/\\\/schema.org\",\"@graph\":[{\"@type\":\"WebPage\",\"@id\":\"https:\\\/\\\/olivroseladodemormon.org\\\/en\\\/church\\\/herald\\\/\",\"url\":\"https:\\\/\\\/olivroseladodemormon.org\\\/en\\\/church\\\/herald\\\/\",\"name\":\"The Herald\",\"isPartOf\":{\"@id\":\"https:\\\/\\\/olivroseladodemormon.org\\\/#website\"},\"datePublished\":\"2024-04-10T14:30:56+00:00\",\"dateModified\":\"2024-04-12T14:33:00+00:00\",\"breadcrumb\":{\"@id\":\"https:\\\/\\\/olivroseladodemormon.org\\\/en\\\/church\\\/herald\\\/#breadcrumb\"},\"inLanguage\":\"en-US\",\"potentialAction\":[{\"@type\":\"ReadAction\",\"target\":[\"https:\\\/\\\/olivroseladodemormon.org\\\/en\\\/church\\\/herald\\\/\"]}]},{\"@type\":\"BreadcrumbList\",\"@id\":\"https:\\\/\\\/olivroseladodemormon.org\\\/en\\\/church\\\/herald\\\/#breadcrumb\",\"itemListElement\":[{\"@type\":\"ListItem\",\"position\":1,\"name\":\"In\u00edcio\",\"item\":\"https:\\\/\\\/olivroseladodemormon.org\\\/en\\\/\"},{\"@type\":\"ListItem\",\"position\":2,\"name\":\"Church\",\"item\":\"https:\\\/\\\/olivroseladodemormon.org\\\/en\\\/church\\\/\"},{\"@type\":\"ListItem\",\"position\":3,\"name\":\"The Herald\"}]},{\"@type\":\"WebSite\",\"@id\":\"https:\\\/\\\/olivroseladodemormon.org\\\/#website\",\"url\":\"https:\\\/\\\/olivroseladodemormon.org\\\/\",\"name\":\"The Sealed Book of Mormon\",\"description\":\"N\u00f3s, M\u00f3rmons do Livro Selado, fomos comissionados a dar sequ\u00eancia na restaura\u00e7\u00e3o do evangelho que principiou com o profeta Joseph Smith em meados de 1830, atrav\u00e9s do Livro de M\u00f3rmon, traduzido de antigos registros que deram origem ao mormonismo no s\u00e9culo XIX. O Livro Selado que nos chega agora, em pleno s\u00e9culo XXI, fora tamb\u00e9m traduzido pelo Dom e Poder de Deus das placas de M\u00f3rmon, entregues ao profeta Berger nos dias atuais pelo anjo Moroni em cumprimento das profecias sobre a parcela selada que haveria de surgir nos \u00faltimos dias, a fim de resgatar a Igreja de Cristo da obscuridade e das trevas.\",\"publisher\":{\"@id\":\"https:\\\/\\\/olivroseladodemormon.org\\\/#organization\"},\"potentialAction\":[{\"@type\":\"SearchAction\",\"target\":{\"@type\":\"EntryPoint\",\"urlTemplate\":\"https:\\\/\\\/olivroseladodemormon.org\\\/?s={search_term_string}\"},\"query-input\":{\"@type\":\"PropertyValueSpecification\",\"valueRequired\":true,\"valueName\":\"search_term_string\"}}],\"inLanguage\":\"en-US\"},{\"@type\":\"Organization\",\"@id\":\"https:\\\/\\\/olivroseladodemormon.org\\\/#organization\",\"name\":\"O Livro Selado de M\u00f3rmon\",\"url\":\"https:\\\/\\\/olivroseladodemormon.org\\\/\",\"logo\":{\"@type\":\"ImageObject\",\"inLanguage\":\"en-US\",\"@id\":\"https:\\\/\\\/olivroseladodemormon.org\\\/#\\\/schema\\\/logo\\\/image\\\/\",\"url\":\"https:\\\/\\\/olivroseladodemormon.org\\\/wp-content\\\/uploads\\\/2023\\\/06\\\/zion-logo.png\",\"contentUrl\":\"https:\\\/\\\/olivroseladodemormon.org\\\/wp-content\\\/uploads\\\/2023\\\/06\\\/zion-logo.png\",\"width\":500,\"height\":500,\"caption\":\"O Livro Selado de M\u00f3rmon\"},\"image\":{\"@id\":\"https:\\\/\\\/olivroseladodemormon.org\\\/#\\\/schema\\\/logo\\\/image\\\/\"},\"sameAs\":[\"https:\\\/\\\/www.facebook.com\\\/olivroseladodemormon\",\"https:\\\/\\\/www.instagram.com\\\/livroseladodemormon\\\/\"]}]}<\/script>\n<!-- \/ Yoast SEO plugin. -->","yoast_head_json":{"title":"The Herald","robots":{"index":"index","follow":"follow","max-snippet":"max-snippet:-1","max-image-preview":"max-image-preview:large","max-video-preview":"max-video-preview:-1"},"canonical":"https:\/\/olivroseladodemormon.org\/en\/church\/herald\/","og_locale":"en_US","og_type":"article","og_title":"The Herald","og_url":"https:\/\/olivroseladodemormon.org\/en\/church\/herald\/","og_site_name":"The Sealed Book of Mormon","article_publisher":"https:\/\/www.facebook.com\/olivroseladodemormon","article_modified_time":"2024-04-12T14:33:00+00:00","twitter_card":"summary_large_image","twitter_misc":{"Est. reading time":"1 minute"},"schema":{"@context":"https:\/\/schema.org","@graph":[{"@type":"WebPage","@id":"https:\/\/olivroseladodemormon.org\/en\/church\/herald\/","url":"https:\/\/olivroseladodemormon.org\/en\/church\/herald\/","name":"The Herald","isPartOf":{"@id":"https:\/\/olivroseladodemormon.org\/#website"},"datePublished":"2024-04-10T14:30:56+00:00","dateModified":"2024-04-12T14:33:00+00:00","breadcrumb":{"@id":"https:\/\/olivroseladodemormon.org\/en\/church\/herald\/#breadcrumb"},"inLanguage":"en-US","potentialAction":[{"@type":"ReadAction","target":["https:\/\/olivroseladodemormon.org\/en\/church\/herald\/"]}]},{"@type":"BreadcrumbList","@id":"https:\/\/olivroseladodemormon.org\/en\/church\/herald\/#breadcrumb","itemListElement":[{"@type":"ListItem","position":1,"name":"In\u00edcio","item":"https:\/\/olivroseladodemormon.org\/en\/"},{"@type":"ListItem","position":2,"name":"Church","item":"https:\/\/olivroseladodemormon.org\/en\/church\/"},{"@type":"ListItem","position":3,"name":"The Herald"}]},{"@type":"WebSite","@id":"https:\/\/olivroseladodemormon.org\/#website","url":"https:\/\/olivroseladodemormon.org\/","name":"The Sealed Book of Mormon","description":"N\u00f3s, M\u00f3rmons do Livro Selado, fomos comissionados a dar sequ\u00eancia na restaura\u00e7\u00e3o do evangelho que principiou com o profeta Joseph Smith em meados de 1830, atrav\u00e9s do Livro de M\u00f3rmon, traduzido de antigos registros que deram origem ao mormonismo no s\u00e9culo XIX. O Livro Selado que nos chega agora, em pleno s\u00e9culo XXI, fora tamb\u00e9m traduzido pelo Dom e Poder de Deus das placas de M\u00f3rmon, entregues ao profeta Berger nos dias atuais pelo anjo Moroni em cumprimento das profecias sobre a parcela selada que haveria de surgir nos \u00faltimos dias, a fim de resgatar a Igreja de Cristo da obscuridade e das trevas.","publisher":{"@id":"https:\/\/olivroseladodemormon.org\/#organization"},"potentialAction":[{"@type":"SearchAction","target":{"@type":"EntryPoint","urlTemplate":"https:\/\/olivroseladodemormon.org\/?s={search_term_string}"},"query-input":{"@type":"PropertyValueSpecification","valueRequired":true,"valueName":"search_term_string"}}],"inLanguage":"en-US"},{"@type":"Organization","@id":"https:\/\/olivroseladodemormon.org\/#organization","name":"O Livro Selado de M\u00f3rmon","url":"https:\/\/olivroseladodemormon.org\/","logo":{"@type":"ImageObject","inLanguage":"en-US","@id":"https:\/\/olivroseladodemormon.org\/#\/schema\/logo\/image\/","url":"https:\/\/olivroseladodemormon.org\/wp-content\/uploads\/2023\/06\/zion-logo.png","contentUrl":"https:\/\/olivroseladodemormon.org\/wp-content\/uploads\/2023\/06\/zion-logo.png","width":500,"height":500,"caption":"O Livro Selado de M\u00f3rmon"},"image":{"@id":"https:\/\/olivroseladodemormon.org\/#\/schema\/logo\/image\/"},"sameAs":["https:\/\/www.facebook.com\/olivroseladodemormon","https:\/\/www.instagram.com\/livroseladodemormon\/"]}]}},"_links":{"self":[{"href":"https:\/\/olivroseladodemormon.org\/en\/wp-json\/wp\/v2\/pages\/939","targetHints":{"allow":["GET"]}}],"collection":[{"href":"https:\/\/olivroseladodemormon.org\/en\/wp-json\/wp\/v2\/pages"}],"about":[{"href":"https:\/\/olivroseladodemormon.org\/en\/wp-json\/wp\/v2\/types\/page"}],"author":[{"embeddable":true,"href":"https:\/\/olivroseladodemormon.org\/en\/wp-json\/wp\/v2\/users\/12"}],"replies":[{"embeddable":true,"href":"https:\/\/olivroseladodemormon.org\/en\/wp-json\/wp\/v2\/comments?post=939"}],"version-history":[{"count":7,"href":"https:\/\/olivroseladodemormon.org\/en\/wp-json\/wp\/v2\/pages\/939\/revisions"}],"predecessor-version":[{"id":1088,"href":"https:\/\/olivroseladodemormon.org\/en\/wp-json\/wp\/v2\/pages\/939\/revisions\/1088"}],"up":[{"embeddable":true,"href":"https:\/\/olivroseladodemormon.org\/en\/wp-json\/wp\/v2\/pages\/304"}],"wp:attachment":[{"href":"https:\/\/olivroseladodemormon.org\/en\/wp-json\/wp\/v2\/media?parent=939"}],"curies":[{"name":"wp","href":"https:\/\/api.w.org\/{rel}","templated":true}]}}