{"id":312,"date":"2023-05-19T15:35:55","date_gmt":"2023-05-19T18:35:55","guid":{"rendered":"https:\/\/olivroseladodemormon.org\/?page_id=312"},"modified":"2023-06-16T13:33:38","modified_gmt":"2023-06-16T16:33:38","slug":"privacy-policy","status":"publish","type":"page","link":"https:\/\/olivroseladodemormon.org\/en\/privacy-policy\/","title":{"rendered":"Privacy Policy"},"content":{"rendered":"\r\n<h2 class=\"wp-block-heading\">Who we are<\/h2>\r\n\r\n\r\n\r\n<p>Our website address is: https:\/\/olivroseladodemormon.org.<\/p>\r\n\r\n\r\n\r\n<h2 class=\"wp-block-heading\">Comments<\/h2>\r\n\r\n\r\n\r\n<p>When visitors leave comments on the site, we collect the data shown in the comments form, as well as the visitor&#8217;s IP address and browser data, to help detect spam.<\/p>\r\n\r\n\r\n\r\n<p>An anonymized string created from your email address (also called a hash) may be sent to Gravatar to verify that you use the service. Gravatar&#8217;s privacy policy is available here: https:\/\/automattic.com\/privacy\/. Once your comment is approved, your profile picture is publicly viewable alongside your comment.<\/p>\r\n\r\n\r\n\r\n<h2 class=\"wp-block-heading\">Media<\/h2>\r\n\r\n\r\n\r\n<p>If you upload images to the website, please avoid uploading images that contain embedded location data (EXIF GPS). Visitors can download these images from the website and extract their location data from them.<\/p>\r\n\r\n\r\n\r\n<h2 class=\"wp-block-heading\">Cookies<\/h2>\r\n\r\n\r\n\r\n<p>When leaving a comment on the site, you can choose to save your name, email address and website in cookies. This is for your comfort, so you don&#8217;t have to fill in your details again when you make another comment. These cookies last for one year.<\/p>\r\n<p>If you have an account and access this site, a temporary cookie will be created to determine whether your browser accepts cookies. It does not contain any personal data and will be discarded when you close your browser.<\/p>\r\n<p>When you log in to your account on the website, we also set several cookies to save your account details and your screen display choices. Login cookies are kept for two days and screen option cookies for one year. If you select &#8220;Remember Me&#8221;, your access will be maintained for two weeks. If you log out of your account, login cookies will be removed.<\/p>\r\n<p>If you edit or publish an article, an additional cookie will be saved in your browser. This cookie does not include any personal data and simply indicates the post ID referring to the article you just edited. It expires after 1 day.<\/p>\r\n\r\n\r\n\r\n<h2 class=\"wp-block-heading\">Embedded media from other websites<\/h2>\r\n\r\n\r\n\r\n<p>Articles on this site may include embedded content such as videos, images, articles, etc. Embedded content from other websites behaves in exactly the same way as if the visitor were visiting the other website.<\/p>\r\n<p>These websites may collect data about you, use cookies, incorporate additional third-party tracking and monitor your interaction with this embedded content, including your interaction with the embedded content if you have an account and are logged in to the website.<\/p>\r\n\r\n\r\n\r\n<h2 class=\"wp-block-heading\">With whom we share your data<\/h2>\r\n\r\n\r\n\r\n<p>If you request a password reset, your IP address will be included in the password reset email.<\/p>\r\n\r\n\r\n\r\n<h2 class=\"wp-block-heading\">How long do we keep your data<\/h2>\r\n\r\n\r\n\r\n<p>If you leave a comment, the comment and its metadata are retained indefinitely. We do this so that we can automatically recognize and approve any further comments rather than holding them for moderation.<\/p>\r\n<p>For users who register on our website (if any), we also store the personal information you provide in your user profile. All users can view, edit or delete their personal information at any time (it&#8217;s just not possible to change your username). Site administrators can also view and edit this information.<\/p>\r\n\r\n\r\n\r\n<h2 class=\"wp-block-heading\">What are your rights over your data<\/h2>\r\n\r\n\r\n\r\n<p>If you have an account on this site or if you have left comments, you can request an exported file of the personal data we hold about you, including any data you have provided to us. You can also request that we remove any personal data we hold about you. This does not include any data that we are required to keep for administrative, legal or security purposes.<\/p>\r\n\r\n\r\n\r\n<h2 class=\"wp-block-heading\">Where your data is sent<\/h2>\r\n\r\n\r\n\r\n<p>Guest comments may be flagged by an automatic spam detection service.<\/p>\r\n","protected":false},"excerpt":{"rendered":"<p>Who we are Our website address is: https:\/\/olivroseladodemormon.org. Comments When visitors leave comments on the site, we collect the data shown in the comments form, as well as the visitor&#8217;s IP address and browser data, to help detect spam. An anonymized string created from your email address (also called a hash) may be sent to&#8230;<\/p>\n","protected":false},"author":4,"featured_media":0,"parent":0,"menu_order":0,"comment_status":"closed","ping_status":"open","template":"","meta":{"_monsterinsights_skip_tracking":false,"_monsterinsights_sitenote_active":false,"_monsterinsights_sitenote_note":"","_monsterinsights_sitenote_category":0,"_uf_show_specific_survey":0,"_uf_disable_surveys":false,"footnotes":""},"class_list":["post-312","page","type-page","status-publish","hentry"],"yoast_head":"<!-- This site is optimized with the Yoast SEO plugin v27.4 - https:\/\/yoast.com\/product\/yoast-seo-wordpress\/ -->\n<title>Privacy Policy<\/title>\n<meta name=\"robots\" content=\"index, follow, max-snippet:-1, max-image-preview:large, max-video-preview:-1\" \/>\n<link rel=\"canonical\" href=\"https:\/\/olivroseladodemormon.org\/en\/privacy-policy\/\" \/>\n<meta property=\"og:locale\" content=\"en_US\" \/>\n<meta property=\"og:type\" content=\"article\" \/>\n<meta property=\"og:title\" content=\"Privacy Policy\" \/>\n<meta property=\"og:description\" content=\"Who we are Our website address is: https:\/\/olivroseladodemormon.org. Comments When visitors leave comments on the site, we collect the data shown in the comments form, as well as the visitor&#8217;s IP address and browser data, to help detect spam. An anonymized string created from your email address (also called a hash) may be sent to...\" \/>\n<meta property=\"og:url\" content=\"https:\/\/olivroseladodemormon.org\/en\/privacy-policy\/\" \/>\n<meta property=\"og:site_name\" content=\"The Sealed Book of Mormon\" \/>\n<meta property=\"article:publisher\" content=\"https:\/\/www.facebook.com\/olivroseladodemormon\" \/>\n<meta property=\"article:modified_time\" content=\"2023-06-16T16:33:38+00:00\" \/>\n<meta name=\"twitter:card\" content=\"summary_large_image\" \/>\n<meta name=\"twitter:label1\" content=\"Est. reading time\" \/>\n\t<meta name=\"twitter:data1\" content=\"4 minutes\" \/>\n<script type=\"application\/ld+json\" class=\"yoast-schema-graph\">{\"@context\":\"https:\\\/\\\/schema.org\",\"@graph\":[{\"@type\":\"WebPage\",\"@id\":\"https:\\\/\\\/olivroseladodemormon.org\\\/en\\\/privacy-policy\\\/\",\"url\":\"https:\\\/\\\/olivroseladodemormon.org\\\/en\\\/privacy-policy\\\/\",\"name\":\"Privacy Policy\",\"isPartOf\":{\"@id\":\"https:\\\/\\\/olivroseladodemormon.org\\\/#website\"},\"datePublished\":\"2023-05-19T18:35:55+00:00\",\"dateModified\":\"2023-06-16T16:33:38+00:00\",\"breadcrumb\":{\"@id\":\"https:\\\/\\\/olivroseladodemormon.org\\\/en\\\/privacy-policy\\\/#breadcrumb\"},\"inLanguage\":\"en-US\",\"potentialAction\":[{\"@type\":\"ReadAction\",\"target\":[\"https:\\\/\\\/olivroseladodemormon.org\\\/en\\\/privacy-policy\\\/\"]}]},{\"@type\":\"BreadcrumbList\",\"@id\":\"https:\\\/\\\/olivroseladodemormon.org\\\/en\\\/privacy-policy\\\/#breadcrumb\",\"itemListElement\":[{\"@type\":\"ListItem\",\"position\":1,\"name\":\"In\u00edcio\",\"item\":\"https:\\\/\\\/olivroseladodemormon.org\\\/en\\\/\"},{\"@type\":\"ListItem\",\"position\":2,\"name\":\"Privacy Policy\"}]},{\"@type\":\"WebSite\",\"@id\":\"https:\\\/\\\/olivroseladodemormon.org\\\/#website\",\"url\":\"https:\\\/\\\/olivroseladodemormon.org\\\/\",\"name\":\"The Sealed Book of Mormon\",\"description\":\"N\u00f3s, M\u00f3rmons do Livro Selado, fomos comissionados a dar sequ\u00eancia na restaura\u00e7\u00e3o do evangelho que principiou com o profeta Joseph Smith em meados de 1830, atrav\u00e9s do Livro de M\u00f3rmon, traduzido de antigos registros que deram origem ao mormonismo no s\u00e9culo XIX. O Livro Selado que nos chega agora, em pleno s\u00e9culo XXI, fora tamb\u00e9m traduzido pelo Dom e Poder de Deus das placas de M\u00f3rmon, entregues ao profeta Berger nos dias atuais pelo anjo Moroni em cumprimento das profecias sobre a parcela selada que haveria de surgir nos \u00faltimos dias, a fim de resgatar a Igreja de Cristo da obscuridade e das trevas.\",\"publisher\":{\"@id\":\"https:\\\/\\\/olivroseladodemormon.org\\\/#organization\"},\"potentialAction\":[{\"@type\":\"SearchAction\",\"target\":{\"@type\":\"EntryPoint\",\"urlTemplate\":\"https:\\\/\\\/olivroseladodemormon.org\\\/?s={search_term_string}\"},\"query-input\":{\"@type\":\"PropertyValueSpecification\",\"valueRequired\":true,\"valueName\":\"search_term_string\"}}],\"inLanguage\":\"en-US\"},{\"@type\":\"Organization\",\"@id\":\"https:\\\/\\\/olivroseladodemormon.org\\\/#organization\",\"name\":\"O Livro Selado de M\u00f3rmon\",\"url\":\"https:\\\/\\\/olivroseladodemormon.org\\\/\",\"logo\":{\"@type\":\"ImageObject\",\"inLanguage\":\"en-US\",\"@id\":\"https:\\\/\\\/olivroseladodemormon.org\\\/#\\\/schema\\\/logo\\\/image\\\/\",\"url\":\"https:\\\/\\\/olivroseladodemormon.org\\\/wp-content\\\/uploads\\\/2023\\\/06\\\/zion-logo.png\",\"contentUrl\":\"https:\\\/\\\/olivroseladodemormon.org\\\/wp-content\\\/uploads\\\/2023\\\/06\\\/zion-logo.png\",\"width\":500,\"height\":500,\"caption\":\"O Livro Selado de M\u00f3rmon\"},\"image\":{\"@id\":\"https:\\\/\\\/olivroseladodemormon.org\\\/#\\\/schema\\\/logo\\\/image\\\/\"},\"sameAs\":[\"https:\\\/\\\/www.facebook.com\\\/olivroseladodemormon\",\"https:\\\/\\\/www.instagram.com\\\/livroseladodemormon\\\/\"]}]}<\/script>\n<!-- \/ Yoast SEO plugin. -->","yoast_head_json":{"title":"Privacy Policy","robots":{"index":"index","follow":"follow","max-snippet":"max-snippet:-1","max-image-preview":"max-image-preview:large","max-video-preview":"max-video-preview:-1"},"canonical":"https:\/\/olivroseladodemormon.org\/en\/privacy-policy\/","og_locale":"en_US","og_type":"article","og_title":"Privacy Policy","og_description":"Who we are Our website address is: https:\/\/olivroseladodemormon.org. Comments When visitors leave comments on the site, we collect the data shown in the comments form, as well as the visitor&#8217;s IP address and browser data, to help detect spam. An anonymized string created from your email address (also called a hash) may be sent to...","og_url":"https:\/\/olivroseladodemormon.org\/en\/privacy-policy\/","og_site_name":"The Sealed Book of Mormon","article_publisher":"https:\/\/www.facebook.com\/olivroseladodemormon","article_modified_time":"2023-06-16T16:33:38+00:00","twitter_card":"summary_large_image","twitter_misc":{"Est. reading time":"4 minutes"},"schema":{"@context":"https:\/\/schema.org","@graph":[{"@type":"WebPage","@id":"https:\/\/olivroseladodemormon.org\/en\/privacy-policy\/","url":"https:\/\/olivroseladodemormon.org\/en\/privacy-policy\/","name":"Privacy Policy","isPartOf":{"@id":"https:\/\/olivroseladodemormon.org\/#website"},"datePublished":"2023-05-19T18:35:55+00:00","dateModified":"2023-06-16T16:33:38+00:00","breadcrumb":{"@id":"https:\/\/olivroseladodemormon.org\/en\/privacy-policy\/#breadcrumb"},"inLanguage":"en-US","potentialAction":[{"@type":"ReadAction","target":["https:\/\/olivroseladodemormon.org\/en\/privacy-policy\/"]}]},{"@type":"BreadcrumbList","@id":"https:\/\/olivroseladodemormon.org\/en\/privacy-policy\/#breadcrumb","itemListElement":[{"@type":"ListItem","position":1,"name":"In\u00edcio","item":"https:\/\/olivroseladodemormon.org\/en\/"},{"@type":"ListItem","position":2,"name":"Privacy Policy"}]},{"@type":"WebSite","@id":"https:\/\/olivroseladodemormon.org\/#website","url":"https:\/\/olivroseladodemormon.org\/","name":"The Sealed Book of Mormon","description":"N\u00f3s, M\u00f3rmons do Livro Selado, fomos comissionados a dar sequ\u00eancia na restaura\u00e7\u00e3o do evangelho que principiou com o profeta Joseph Smith em meados de 1830, atrav\u00e9s do Livro de M\u00f3rmon, traduzido de antigos registros que deram origem ao mormonismo no s\u00e9culo XIX. O Livro Selado que nos chega agora, em pleno s\u00e9culo XXI, fora tamb\u00e9m traduzido pelo Dom e Poder de Deus das placas de M\u00f3rmon, entregues ao profeta Berger nos dias atuais pelo anjo Moroni em cumprimento das profecias sobre a parcela selada que haveria de surgir nos \u00faltimos dias, a fim de resgatar a Igreja de Cristo da obscuridade e das trevas.","publisher":{"@id":"https:\/\/olivroseladodemormon.org\/#organization"},"potentialAction":[{"@type":"SearchAction","target":{"@type":"EntryPoint","urlTemplate":"https:\/\/olivroseladodemormon.org\/?s={search_term_string}"},"query-input":{"@type":"PropertyValueSpecification","valueRequired":true,"valueName":"search_term_string"}}],"inLanguage":"en-US"},{"@type":"Organization","@id":"https:\/\/olivroseladodemormon.org\/#organization","name":"O Livro Selado de M\u00f3rmon","url":"https:\/\/olivroseladodemormon.org\/","logo":{"@type":"ImageObject","inLanguage":"en-US","@id":"https:\/\/olivroseladodemormon.org\/#\/schema\/logo\/image\/","url":"https:\/\/olivroseladodemormon.org\/wp-content\/uploads\/2023\/06\/zion-logo.png","contentUrl":"https:\/\/olivroseladodemormon.org\/wp-content\/uploads\/2023\/06\/zion-logo.png","width":500,"height":500,"caption":"O Livro Selado de M\u00f3rmon"},"image":{"@id":"https:\/\/olivroseladodemormon.org\/#\/schema\/logo\/image\/"},"sameAs":["https:\/\/www.facebook.com\/olivroseladodemormon","https:\/\/www.instagram.com\/livroseladodemormon\/"]}]}},"_links":{"self":[{"href":"https:\/\/olivroseladodemormon.org\/en\/wp-json\/wp\/v2\/pages\/312","targetHints":{"allow":["GET"]}}],"collection":[{"href":"https:\/\/olivroseladodemormon.org\/en\/wp-json\/wp\/v2\/pages"}],"about":[{"href":"https:\/\/olivroseladodemormon.org\/en\/wp-json\/wp\/v2\/types\/page"}],"author":[{"embeddable":true,"href":"https:\/\/olivroseladodemormon.org\/en\/wp-json\/wp\/v2\/users\/4"}],"replies":[{"embeddable":true,"href":"https:\/\/olivroseladodemormon.org\/en\/wp-json\/wp\/v2\/comments?post=312"}],"version-history":[{"count":0,"href":"https:\/\/olivroseladodemormon.org\/en\/wp-json\/wp\/v2\/pages\/312\/revisions"}],"wp:attachment":[{"href":"https:\/\/olivroseladodemormon.org\/en\/wp-json\/wp\/v2\/media?parent=312"}],"curies":[{"name":"wp","href":"https:\/\/api.w.org\/{rel}","templated":true}]}}