{"id":256,"date":"2023-05-24T17:31:01","date_gmt":"2023-05-24T20:31:01","guid":{"rendered":"https:\/\/olivroseladodemormon.org\/fonte-de-aguas-vivas\/"},"modified":"2023-09-08T16:14:21","modified_gmt":"2023-09-08T19:14:21","slug":"fountain-of-living-waters","status":"publish","type":"page","link":"https:\/\/olivroseladodemormon.org\/en\/fountain-of-living-waters\/","title":{"rendered":"Fountain of Living Waters"},"content":{"rendered":"<section class=\"l-section wpb_row height_medium\"><div class=\"l-section-h i-cf\"><div class=\"g-cols vc_row via_grid cols_1 laptops-cols_inherit tablets-cols_inherit mobiles-cols_1 valign_top type_default stacking_default\"><div class=\"wpb_column vc_column_container\"><div class=\"vc_column-inner\"><div class=\"g-cols wpb_row via_grid cols_2 laptops-cols_inherit tablets-cols_inherit mobiles-cols_1 valign_top type_default stacking_default\"><div class=\"wpb_column vc_column_container type_sticky\"><div class=\"vc_column-inner\"><div class=\"w-image us_custom_e5e87c3f us_animate_this align_center\"><div class=\"w-image-h\"><img decoding=\"async\" width=\"900\" height=\"600\" src=\"https:\/\/olivroseladodemormon.org\/wp-content\/uploads\/2023\/06\/fonte-de-aguas-vivas.jpg\" class=\"attachment-large size-large\" alt=\"\" srcset=\"https:\/\/olivroseladodemormon.org\/wp-content\/uploads\/2023\/06\/fonte-de-aguas-vivas.jpg 900w, https:\/\/olivroseladodemormon.org\/wp-content\/uploads\/2023\/06\/fonte-de-aguas-vivas-300x200.jpg 300w\" sizes=\"(max-width: 900px) 100vw, 900px\" \/><\/div><\/div><\/div><\/div><div class=\"wpb_column vc_column_container\"><div class=\"vc_column-inner\"><h2 class=\"w-text us_custom_60e9caca us_animate_this\"><span class=\"w-text-h\"><span class=\"w-text-value\">Fountain of Living Waters<\/span><\/span><\/h2><div class=\"wpb_text_column us_custom_4837cec5 us_animate_this\"><div class=\"wpb_wrapper\"><p>The Fountain of Living Waters Society, as mentioned in current revelations, is the name given by God to the women&#8217;s organization in this Second Invitation. This name is in place of that instituted by Joseph Smith in the 19th century, when it was known as the Relief Society. Its objective is to help those among the members of the Church of Christ who suffer from deprivations, which can be physical, material, emotional and spiritual; and acting directly for the benefit of the poor, sick, and needy.<\/p>\n<p>As an international organization, currently presided over by Melva Anne Cackler, this Society proposes a transformation of our children and young people among the members of the Second Invitation in order to shape their characters, and to have exemplary citizens among us\u2014a people freed from precepts and prejudices to become throughout their life development, the best representatives that society can have. Mothers will work together so that their sons and daughters will become the elected generation, just as it was in the days of Enoch, being filled with good feelings, such as: altruism, positivity, self-confidence, compassion, charity, and faith in God.<\/p>\n<\/div><\/div><\/div><\/div><\/div><\/div><\/div><\/div><\/div><\/section><section class=\"l-section wpb_row height_medium color_alternate\"><div class=\"l-section-h i-cf\"><div class=\"g-cols vc_row via_grid cols_1 laptops-cols_inherit tablets-cols_inherit mobiles-cols_1 valign_top type_default stacking_default\"><div class=\"wpb_column vc_column_container\"><div class=\"vc_column-inner\"><div class=\"w-separator size_custom\" style=\"height:2.5rem\"><\/div><div class=\"w-grid type_masonry layout_58 cols_3 with_pagination overflow_hidden with_isotope with_css_animation\" id=\"us_grid_1\" style=\"--gap:0.7rem;\" data-filterable=\"true\"><style>@media (max-width:1024px){#us_grid_1 .w-grid-item{width:50%}}@media (max-width:768px){#us_grid_1 .w-grid-list{margin:0}#us_grid_1 .w-grid-item{width:100%;padding:0;margin-bottom:var(--gap,0px)}}.layout_58 .w-grid-item-h{background:var(--color-content-bg);color:var(--color-content-heading);border-radius:0.3rem;box-shadow:0 0.03rem 0.06rem rgba(0,0,0,0.1),0 0.1rem 0.3rem rgba(0,0,0,0.1);transition-duration:0.3s}.no-touch .layout_58 .w-grid-item-h:hover{box-shadow:0 0.12rem 0.24rem rgba(0,0,0,0.1),0 0.4rem 1.2rem rgba(0,0,0,0.15);z-index:4}.layout_58 .usg_vwrapper_1{padding:5% 8% 8% 8%!important}.layout_58 .usg_post_taxonomy_1{font-size:0.8rem!important;font-weight:700!important;text-transform:uppercase!important;margin-right:0.6rem!important}.layout_58 .usg_post_title_1{color:inherit!important;font-weight:700!important;font-size:1.4rem!important}.layout_58 .usg_btn_1{font-size:14px!important;line-height:1.2!important;width:fit-content!important}.layout_58 .usg_post_author_1{margin-bottom:0!important}@media (max-width:768px){.layout_58 .usg_post_title_1{font-size:1.2rem!important}}<\/style><div class=\"w-grid-list\">\t<article class=\"w-grid-item us_animate_afb off_autostart post-837 post type-post status-publish format-standard hentry category-church category-fountain-of-living-waters\" data-id=\"837\" style=\"animation-delay:0s\">\r\n\t\t<div class=\"w-grid-item-h\">\r\n\t\t\t\t\t\t\t<a class=\"w-grid-item-anchor\" href=\"https:\/\/olivroseladodemormon.org\/en\/testimony-melva-cackler-international-president-of-fonte-de-aguas-vivas\/\" rel=\"bookmark\" aria-label=\"Testimony Melva Cackler \u2013 International President of the Fountain of Living Waters\"><\/a>\r\n\t\t\t\t\t\t<div class=\"w-vwrapper usg_vwrapper_1 align_none valign_top\" style=\"--vwrapper-gap:1rem\"><div class=\"w-post-elm post_author usg_post_author_1 vcard author color_link_inherit\"><div class=\"post-author-meta\"><div class=\"post-author-name\">Livro Selado<\/div><\/div><\/div><h2 class=\"w-post-elm post_title usg_post_title_1 has_text_color entry-title color_link_inherit\"><a href=\"https:\/\/olivroseladodemormon.org\/en\/testimony-melva-cackler-international-president-of-fonte-de-aguas-vivas\/\">Testimony Melva Cackler \u2013 International President of the Fountain of Living Waters<\/a><\/h2><div class=\"w-post-elm post_taxonomy usg_post_taxonomy_1 style_badge\"><div class=\"w-post-elm-list\"><a class=\"w-btn us-btn-style_3 term-46 term-church\" href=\"https:\/\/olivroseladodemormon.org\/en\/categoria\/church\/\"><span class=\"w-btn-label\">Church<\/span><\/a><a class=\"w-btn us-btn-style_3 term-36 term-fountain-of-living-waters\" href=\"https:\/\/olivroseladodemormon.org\/en\/categoria\/fountain-of-living-waters\/\"><span class=\"w-btn-label\">Fountain of Living Waters<\/span><\/a><\/div><\/div><div class=\"w-post-elm post_content usg_post_content_1\">&nbsp; Testimony of the International President of the Fountain of Living Waters Melva Cackler at the International Conference, in November 2022<\/div><a class=\"w-btn us-btn-style_1 usg_btn_1\" href=\"https:\/\/olivroseladodemormon.org\/en\/testimony-melva-cackler-international-president-of-fonte-de-aguas-vivas\/\"><span class=\"w-btn-label\">Read more<\/span><\/a><\/div>\t\t<\/div>\r\n\t<\/article>\r\n\t<article class=\"w-grid-item us_animate_afb off_autostart post-802 post type-post status-publish format-standard hentry category-fountain-of-living-waters\" data-id=\"802\" style=\"animation-delay:0.1s\">\r\n\t\t<div class=\"w-grid-item-h\">\r\n\t\t\t\t\t\t\t<a class=\"w-grid-item-anchor\" href=\"https:\/\/olivroseladodemormon.org\/en\/carla-casalli-batista-second-counselor-to-the-presidency-of-fountain-of-living-waters\/\" rel=\"bookmark\" aria-label=\"Carla Casali Batista &#8211; Second Counselor to the Presidency of Fountain of Living Waters\"><\/a>\r\n\t\t\t\t\t\t<div class=\"w-vwrapper usg_vwrapper_1 align_none valign_top\" style=\"--vwrapper-gap:1rem\"><div class=\"w-post-elm post_author usg_post_author_1 vcard author color_link_inherit\"><div class=\"post-author-meta\"><div class=\"post-author-name\">Livro Selado<\/div><\/div><\/div><h2 class=\"w-post-elm post_title usg_post_title_1 has_text_color entry-title color_link_inherit\"><a href=\"https:\/\/olivroseladodemormon.org\/en\/carla-casalli-batista-second-counselor-to-the-presidency-of-fountain-of-living-waters\/\">Carla Casali Batista &#8211; Second Counselor to the Presidency of Fountain of Living Waters<\/a><\/h2><div class=\"w-post-elm post_taxonomy usg_post_taxonomy_1 style_badge\"><a class=\"w-btn us-btn-style_3 term-36 term-fountain-of-living-waters\" href=\"https:\/\/olivroseladodemormon.org\/en\/categoria\/fountain-of-living-waters\/\"><span class=\"w-btn-label\">Fountain of Living Waters<\/span><\/a><\/div><div class=\"w-post-elm post_content usg_post_content_1\">&nbsp; Speech by Carla Casalli Batista at the April 2022 Conference.<\/div><a class=\"w-btn us-btn-style_1 usg_btn_1\" href=\"https:\/\/olivroseladodemormon.org\/en\/carla-casalli-batista-second-counselor-to-the-presidency-of-fountain-of-living-waters\/\"><span class=\"w-btn-label\">Read more<\/span><\/a><\/div>\t\t<\/div>\r\n\t<\/article>\r\n\t<article class=\"w-grid-item us_animate_afb off_autostart post-685 post type-post status-publish format-standard hentry category-fountain-of-living-waters\" data-id=\"685\" style=\"animation-delay:0.2s\">\r\n\t\t<div class=\"w-grid-item-h\">\r\n\t\t\t\t\t\t\t<a class=\"w-grid-item-anchor\" href=\"https:\/\/olivroseladodemormon.org\/en\/melva-cackler-international-president-of-the-fountain-of-living-waters\/\" rel=\"bookmark\" aria-label=\"Melva Cackler &#8211; International President of the Fountain of Living Waters\"><\/a>\r\n\t\t\t\t\t\t<div class=\"w-vwrapper usg_vwrapper_1 align_none valign_top\" style=\"--vwrapper-gap:1rem\"><div class=\"w-post-elm post_author usg_post_author_1 vcard author color_link_inherit\"><div class=\"post-author-meta\"><div class=\"post-author-name\">Livro Selado<\/div><\/div><\/div><h2 class=\"w-post-elm post_title usg_post_title_1 has_text_color entry-title color_link_inherit\"><a href=\"https:\/\/olivroseladodemormon.org\/en\/melva-cackler-international-president-of-the-fountain-of-living-waters\/\">Melva Cackler &#8211; International President of the Fountain of Living Waters<\/a><\/h2><div class=\"w-post-elm post_taxonomy usg_post_taxonomy_1 style_badge\"><a class=\"w-btn us-btn-style_3 term-36 term-fountain-of-living-waters\" href=\"https:\/\/olivroseladodemormon.org\/en\/categoria\/fountain-of-living-waters\/\"><span class=\"w-btn-label\">Fountain of Living Waters<\/span><\/a><\/div><div class=\"w-post-elm post_content usg_post_content_1\">Melva Cackler &#8211; International President of Fountain of Living Waters &#8211; April 2023 International Conference.<\/div><a class=\"w-btn us-btn-style_1 usg_btn_1\" href=\"https:\/\/olivroseladodemormon.org\/en\/melva-cackler-international-president-of-the-fountain-of-living-waters\/\"><span class=\"w-btn-label\">Read more<\/span><\/a><\/div>\t\t<\/div>\r\n\t<\/article>\r\n<\/div><div class=\"w-grid-preloader\"><div class=\"g-preloader type_1\">\r\n\t<div><\/div>\r\n<\/div>\r\n<\/div>\t<div class=\"w-grid-json hidden\" onclick='return {&quot;action&quot;:&quot;us_ajax_grid&quot;,&quot;ajax_url&quot;:&quot;https:\\\/\\\/olivroseladodemormon.org\\\/wp-admin\\\/admin-ajax.php&quot;,&quot;infinite_scroll&quot;:0,&quot;max_num_pages&quot;:1,&quot;pagination&quot;:&quot;regular&quot;,&quot;permalink_url&quot;:&quot;https:\\\/\\\/olivroseladodemormon.org\\\/en\\\/wp-json\\\/wp\\\/v2\\\/pages\\\/256\\\/&quot;,&quot;template_vars&quot;:{&quot;columns&quot;:&quot;3&quot;,&quot;exclude_items&quot;:&quot;none&quot;,&quot;img_size&quot;:&quot;default&quot;,&quot;ignore_items_size&quot;:0,&quot;items_layout&quot;:&quot;58&quot;,&quot;items_offset&quot;:&quot;1&quot;,&quot;load_animation&quot;:&quot;afb&quot;,&quot;overriding_link&quot;:&quot;post&quot;,&quot;post_id&quot;:0,&quot;query_args&quot;:{&quot;post_type&quot;:[&quot;post&quot;],&quot;tax_query&quot;:[{&quot;taxonomy&quot;:&quot;category&quot;,&quot;field&quot;:&quot;slug&quot;,&quot;terms&quot;:[&quot;fountain-of-living-waters&quot;]}],&quot;post_status&quot;:[&quot;publish&quot;],&quot;posts_per_page&quot;:&quot;6&quot;},&quot;orderby_query_args&quot;:{&quot;orderby&quot;:{&quot;date&quot;:&quot;DESC&quot;}},&quot;type&quot;:&quot;masonry&quot;,&quot;us_grid_ajax_index&quot;:1,&quot;us_grid_filter_params&quot;:null,&quot;us_grid_index&quot;:1,&quot;_us_grid_post_type&quot;:&quot;post&quot;,&quot;page_args&quot;:[],&quot;lang&quot;:&quot;en&quot;}}'><\/div>\r\n\t<\/div><\/div><\/div><\/div><\/div><\/section>\n","protected":false},"excerpt":{"rendered":"https:\/\/youtu.be\/pOCLJgxY7kw Melva Cackler - International President of Fountain of Living Waters - April 2023 International Conference.","protected":false},"author":4,"featured_media":0,"parent":0,"menu_order":0,"comment_status":"closed","ping_status":"closed","template":"","meta":{"_monsterinsights_skip_tracking":false,"_monsterinsights_sitenote_active":false,"_monsterinsights_sitenote_note":"","_monsterinsights_sitenote_category":0,"_uf_show_specific_survey":0,"_uf_disable_surveys":false,"footnotes":""},"class_list":["post-256","page","type-page","status-publish","hentry"],"yoast_head":"<!-- This site is optimized with the Yoast SEO plugin v27.4 - https:\/\/yoast.com\/product\/yoast-seo-wordpress\/ -->\n<title>Fountain of Living Waters<\/title>\n<meta name=\"robots\" content=\"index, follow, max-snippet:-1, max-image-preview:large, max-video-preview:-1\" \/>\n<link rel=\"canonical\" href=\"https:\/\/olivroseladodemormon.org\/en\/fountain-of-living-waters\/\" \/>\n<meta property=\"og:locale\" content=\"en_US\" \/>\n<meta property=\"og:type\" content=\"article\" \/>\n<meta property=\"og:title\" content=\"Fountain of Living Waters\" \/>\n<meta property=\"og:url\" content=\"https:\/\/olivroseladodemormon.org\/en\/fountain-of-living-waters\/\" \/>\n<meta property=\"og:site_name\" content=\"The Sealed Book of Mormon\" \/>\n<meta property=\"article:publisher\" content=\"https:\/\/www.facebook.com\/olivroseladodemormon\" \/>\n<meta property=\"article:modified_time\" content=\"2023-09-08T19:14:21+00:00\" \/>\n<meta name=\"twitter:card\" content=\"summary_large_image\" \/>\n<meta name=\"twitter:label1\" content=\"Est. reading time\" \/>\n\t<meta name=\"twitter:data1\" content=\"2 minutes\" \/>\n<script type=\"application\/ld+json\" class=\"yoast-schema-graph\">{\"@context\":\"https:\\\/\\\/schema.org\",\"@graph\":[{\"@type\":\"WebPage\",\"@id\":\"https:\\\/\\\/olivroseladodemormon.org\\\/en\\\/fountain-of-living-waters\\\/\",\"url\":\"https:\\\/\\\/olivroseladodemormon.org\\\/en\\\/fountain-of-living-waters\\\/\",\"name\":\"Fountain of Living Waters\",\"isPartOf\":{\"@id\":\"https:\\\/\\\/olivroseladodemormon.org\\\/#website\"},\"datePublished\":\"2023-05-24T20:31:01+00:00\",\"dateModified\":\"2023-09-08T19:14:21+00:00\",\"breadcrumb\":{\"@id\":\"https:\\\/\\\/olivroseladodemormon.org\\\/en\\\/fountain-of-living-waters\\\/#breadcrumb\"},\"inLanguage\":\"en-US\",\"potentialAction\":[{\"@type\":\"ReadAction\",\"target\":[\"https:\\\/\\\/olivroseladodemormon.org\\\/en\\\/fountain-of-living-waters\\\/\"]}]},{\"@type\":\"BreadcrumbList\",\"@id\":\"https:\\\/\\\/olivroseladodemormon.org\\\/en\\\/fountain-of-living-waters\\\/#breadcrumb\",\"itemListElement\":[{\"@type\":\"ListItem\",\"position\":1,\"name\":\"In\u00edcio\",\"item\":\"https:\\\/\\\/olivroseladodemormon.org\\\/en\\\/\"},{\"@type\":\"ListItem\",\"position\":2,\"name\":\"Fountain of Living Waters\"}]},{\"@type\":\"WebSite\",\"@id\":\"https:\\\/\\\/olivroseladodemormon.org\\\/#website\",\"url\":\"https:\\\/\\\/olivroseladodemormon.org\\\/\",\"name\":\"The Sealed Book of Mormon\",\"description\":\"N\u00f3s, M\u00f3rmons do Livro Selado, fomos comissionados a dar sequ\u00eancia na restaura\u00e7\u00e3o do evangelho que principiou com o profeta Joseph Smith em meados de 1830, atrav\u00e9s do Livro de M\u00f3rmon, traduzido de antigos registros que deram origem ao mormonismo no s\u00e9culo XIX. O Livro Selado que nos chega agora, em pleno s\u00e9culo XXI, fora tamb\u00e9m traduzido pelo Dom e Poder de Deus das placas de M\u00f3rmon, entregues ao profeta Berger nos dias atuais pelo anjo Moroni em cumprimento das profecias sobre a parcela selada que haveria de surgir nos \u00faltimos dias, a fim de resgatar a Igreja de Cristo da obscuridade e das trevas.\",\"publisher\":{\"@id\":\"https:\\\/\\\/olivroseladodemormon.org\\\/#organization\"},\"potentialAction\":[{\"@type\":\"SearchAction\",\"target\":{\"@type\":\"EntryPoint\",\"urlTemplate\":\"https:\\\/\\\/olivroseladodemormon.org\\\/?s={search_term_string}\"},\"query-input\":{\"@type\":\"PropertyValueSpecification\",\"valueRequired\":true,\"valueName\":\"search_term_string\"}}],\"inLanguage\":\"en-US\"},{\"@type\":\"Organization\",\"@id\":\"https:\\\/\\\/olivroseladodemormon.org\\\/#organization\",\"name\":\"O Livro Selado de M\u00f3rmon\",\"url\":\"https:\\\/\\\/olivroseladodemormon.org\\\/\",\"logo\":{\"@type\":\"ImageObject\",\"inLanguage\":\"en-US\",\"@id\":\"https:\\\/\\\/olivroseladodemormon.org\\\/#\\\/schema\\\/logo\\\/image\\\/\",\"url\":\"https:\\\/\\\/olivroseladodemormon.org\\\/wp-content\\\/uploads\\\/2023\\\/06\\\/zion-logo.png\",\"contentUrl\":\"https:\\\/\\\/olivroseladodemormon.org\\\/wp-content\\\/uploads\\\/2023\\\/06\\\/zion-logo.png\",\"width\":500,\"height\":500,\"caption\":\"O Livro Selado de M\u00f3rmon\"},\"image\":{\"@id\":\"https:\\\/\\\/olivroseladodemormon.org\\\/#\\\/schema\\\/logo\\\/image\\\/\"},\"sameAs\":[\"https:\\\/\\\/www.facebook.com\\\/olivroseladodemormon\",\"https:\\\/\\\/www.instagram.com\\\/livroseladodemormon\\\/\"]}]}<\/script>\n<!-- \/ Yoast SEO plugin. -->","yoast_head_json":{"title":"Fountain of Living Waters","robots":{"index":"index","follow":"follow","max-snippet":"max-snippet:-1","max-image-preview":"max-image-preview:large","max-video-preview":"max-video-preview:-1"},"canonical":"https:\/\/olivroseladodemormon.org\/en\/fountain-of-living-waters\/","og_locale":"en_US","og_type":"article","og_title":"Fountain of Living Waters","og_url":"https:\/\/olivroseladodemormon.org\/en\/fountain-of-living-waters\/","og_site_name":"The Sealed Book of Mormon","article_publisher":"https:\/\/www.facebook.com\/olivroseladodemormon","article_modified_time":"2023-09-08T19:14:21+00:00","twitter_card":"summary_large_image","twitter_misc":{"Est. reading time":"2 minutes"},"schema":{"@context":"https:\/\/schema.org","@graph":[{"@type":"WebPage","@id":"https:\/\/olivroseladodemormon.org\/en\/fountain-of-living-waters\/","url":"https:\/\/olivroseladodemormon.org\/en\/fountain-of-living-waters\/","name":"Fountain of Living Waters","isPartOf":{"@id":"https:\/\/olivroseladodemormon.org\/#website"},"datePublished":"2023-05-24T20:31:01+00:00","dateModified":"2023-09-08T19:14:21+00:00","breadcrumb":{"@id":"https:\/\/olivroseladodemormon.org\/en\/fountain-of-living-waters\/#breadcrumb"},"inLanguage":"en-US","potentialAction":[{"@type":"ReadAction","target":["https:\/\/olivroseladodemormon.org\/en\/fountain-of-living-waters\/"]}]},{"@type":"BreadcrumbList","@id":"https:\/\/olivroseladodemormon.org\/en\/fountain-of-living-waters\/#breadcrumb","itemListElement":[{"@type":"ListItem","position":1,"name":"In\u00edcio","item":"https:\/\/olivroseladodemormon.org\/en\/"},{"@type":"ListItem","position":2,"name":"Fountain of Living Waters"}]},{"@type":"WebSite","@id":"https:\/\/olivroseladodemormon.org\/#website","url":"https:\/\/olivroseladodemormon.org\/","name":"The Sealed Book of Mormon","description":"N\u00f3s, M\u00f3rmons do Livro Selado, fomos comissionados a dar sequ\u00eancia na restaura\u00e7\u00e3o do evangelho que principiou com o profeta Joseph Smith em meados de 1830, atrav\u00e9s do Livro de M\u00f3rmon, traduzido de antigos registros que deram origem ao mormonismo no s\u00e9culo XIX. O Livro Selado que nos chega agora, em pleno s\u00e9culo XXI, fora tamb\u00e9m traduzido pelo Dom e Poder de Deus das placas de M\u00f3rmon, entregues ao profeta Berger nos dias atuais pelo anjo Moroni em cumprimento das profecias sobre a parcela selada que haveria de surgir nos \u00faltimos dias, a fim de resgatar a Igreja de Cristo da obscuridade e das trevas.","publisher":{"@id":"https:\/\/olivroseladodemormon.org\/#organization"},"potentialAction":[{"@type":"SearchAction","target":{"@type":"EntryPoint","urlTemplate":"https:\/\/olivroseladodemormon.org\/?s={search_term_string}"},"query-input":{"@type":"PropertyValueSpecification","valueRequired":true,"valueName":"search_term_string"}}],"inLanguage":"en-US"},{"@type":"Organization","@id":"https:\/\/olivroseladodemormon.org\/#organization","name":"O Livro Selado de M\u00f3rmon","url":"https:\/\/olivroseladodemormon.org\/","logo":{"@type":"ImageObject","inLanguage":"en-US","@id":"https:\/\/olivroseladodemormon.org\/#\/schema\/logo\/image\/","url":"https:\/\/olivroseladodemormon.org\/wp-content\/uploads\/2023\/06\/zion-logo.png","contentUrl":"https:\/\/olivroseladodemormon.org\/wp-content\/uploads\/2023\/06\/zion-logo.png","width":500,"height":500,"caption":"O Livro Selado de M\u00f3rmon"},"image":{"@id":"https:\/\/olivroseladodemormon.org\/#\/schema\/logo\/image\/"},"sameAs":["https:\/\/www.facebook.com\/olivroseladodemormon","https:\/\/www.instagram.com\/livroseladodemormon\/"]}]}},"_links":{"self":[{"href":"https:\/\/olivroseladodemormon.org\/en\/wp-json\/wp\/v2\/pages\/256","targetHints":{"allow":["GET"]}}],"collection":[{"href":"https:\/\/olivroseladodemormon.org\/en\/wp-json\/wp\/v2\/pages"}],"about":[{"href":"https:\/\/olivroseladodemormon.org\/en\/wp-json\/wp\/v2\/types\/page"}],"author":[{"embeddable":true,"href":"https:\/\/olivroseladodemormon.org\/en\/wp-json\/wp\/v2\/users\/4"}],"replies":[{"embeddable":true,"href":"https:\/\/olivroseladodemormon.org\/en\/wp-json\/wp\/v2\/comments?post=256"}],"version-history":[{"count":1,"href":"https:\/\/olivroseladodemormon.org\/en\/wp-json\/wp\/v2\/pages\/256\/revisions"}],"predecessor-version":[{"id":684,"href":"https:\/\/olivroseladodemormon.org\/en\/wp-json\/wp\/v2\/pages\/256\/revisions\/684"}],"wp:attachment":[{"href":"https:\/\/olivroseladodemormon.org\/en\/wp-json\/wp\/v2\/media?parent=256"}],"curies":[{"name":"wp","href":"https:\/\/api.w.org\/{rel}","templated":true}]}}