{"id":254,"date":"2023-05-24T17:31:32","date_gmt":"2023-05-24T20:31:32","guid":{"rendered":"https:\/\/olivroseladodemormon.org\/comunidade-lgbt\/"},"modified":"2025-10-19T12:12:42","modified_gmt":"2025-10-19T15:12:42","slug":"lgbt-community","status":"publish","type":"page","link":"https:\/\/olivroseladodemormon.org\/en\/lgbt-community\/","title":{"rendered":"LGBT Community"},"content":{"rendered":"<section class=\"l-section wpb_row height_medium\"><div class=\"l-section-h i-cf\"><div class=\"g-cols vc_row via_grid cols_1 laptops-cols_inherit tablets-cols_inherit mobiles-cols_1 valign_top type_default stacking_default\"><div class=\"wpb_column vc_column_container\"><div class=\"vc_column-inner\"><div class=\"g-cols wpb_row via_grid cols_1-2 laptops-cols_inherit tablets-cols_inherit mobiles-cols_1 valign_middle type_default stacking_default\"><div class=\"wpb_column vc_column_container type_sticky\"><div class=\"vc_column-inner\"><div class=\"w-image us_custom_37a4a37b us_animate_this align_center\"><div class=\"w-image-h\"><img decoding=\"async\" width=\"512\" height=\"1024\" src=\"https:\/\/olivroseladodemormon.org\/wp-content\/uploads\/2023\/06\/lgbt-512x1024.jpg\" class=\"attachment-large size-large\" alt=\"\" srcset=\"https:\/\/olivroseladodemormon.org\/wp-content\/uploads\/2023\/06\/lgbt-512x1024.jpg 512w, https:\/\/olivroseladodemormon.org\/wp-content\/uploads\/2023\/06\/lgbt-150x300.jpg 150w, https:\/\/olivroseladodemormon.org\/wp-content\/uploads\/2023\/06\/lgbt.jpg 900w\" sizes=\"(max-width: 512px) 100vw, 512px\" \/><\/div><\/div><\/div><\/div><div class=\"wpb_column vc_column_container\"><div class=\"vc_column-inner\"><h2 class=\"w-text us_custom_60e9caca us_animate_this\"><span class=\"w-text-h\"><span class=\"w-text-value\">LGBT Community<\/span><\/span><\/h2><div class=\"wpb_text_column us_custom_4837cec5 us_animate_this\"><div class=\"wpb_wrapper\"><p>God taught us that his love is not a respecter of persons. And at this moment, God makes his will known about the LGBT community that has always been excluded from the bosom of the churches, whose preached gospel is the one of love, but that actually reject those who were born with their particularities and, by precepts and prejudices of men, were despised and prevented from serving God regardless of what they had inside their heart, their character and devotion to the Lord. Sexual orientation does not make anyone more a servant of God than the other, what determines this condition are their works and the feelings they carry within themselves.<\/p>\n<p>The inclusion revealed to Mormons of the Sealed Book is an invitation to all Latter-day Saints who desire to understand the mysteries that God has reserved to be revealed in the final part of the fulness of times, that our fellowship may be founded upon the &#8220;PURE LOVE OF CHRIST &#8220;.<\/p>\n<p>We do not ask First Invitation people who believe the Book of Mormon to throw away whatever good they have to join this noble cause. We only ask that you come and receive more through the revelations brought again by the angel Moroni with the translation of the first sealed portion of the Plates of Mormon.<\/p>\n<\/div><\/div><\/div><\/div><\/div><\/div><\/div><\/div><\/div><\/section><section class=\"l-section wpb_row height_medium color_alternate\"><div class=\"l-section-h i-cf\"><div class=\"g-cols vc_row via_grid cols_1 laptops-cols_inherit tablets-cols_inherit mobiles-cols_1 valign_top type_default stacking_default\"><div class=\"wpb_column vc_column_container\"><div class=\"vc_column-inner\"><div class=\"w-grid type_masonry layout_58 cols_3 with_pagination overflow_hidden with_isotope with_css_animation\" id=\"us_grid_1\" style=\"--gap:0.7rem;\" data-filterable=\"true\"><style>@media (max-width:1024px){#us_grid_1 .w-grid-item{width:50%}}@media (max-width:768px){#us_grid_1 .w-grid-list{margin:0}#us_grid_1 .w-grid-item{width:100%;padding:0;margin-bottom:var(--gap,0px)}}.layout_58 .w-grid-item-h{background:var(--color-content-bg);color:var(--color-content-heading);border-radius:0.3rem;box-shadow:0 0.03rem 0.06rem rgba(0,0,0,0.1),0 0.1rem 0.3rem rgba(0,0,0,0.1);transition-duration:0.3s}.no-touch .layout_58 .w-grid-item-h:hover{box-shadow:0 0.12rem 0.24rem rgba(0,0,0,0.1),0 0.4rem 1.2rem rgba(0,0,0,0.15);z-index:4}.layout_58 .usg_vwrapper_1{padding:5% 8% 8% 8%!important}.layout_58 .usg_post_taxonomy_1{font-size:0.8rem!important;font-weight:700!important;text-transform:uppercase!important;margin-right:0.6rem!important}.layout_58 .usg_post_title_1{color:inherit!important;font-weight:700!important;font-size:1.4rem!important}.layout_58 .usg_btn_1{font-size:14px!important;line-height:1.2!important;width:fit-content!important}.layout_58 .usg_post_author_1{margin-bottom:0!important}@media (max-width:768px){.layout_58 .usg_post_title_1{font-size:1.2rem!important}}<\/style><div class=\"w-grid-list\">\t<article class=\"w-grid-item us_animate_afb off_autostart post-875 post type-post status-publish format-standard hentry category-lgbt-community\" data-id=\"875\" style=\"animation-delay:0s\">\r\n\t\t<div class=\"w-grid-item-h\">\r\n\t\t\t\t\t\t\t<a class=\"w-grid-item-anchor\" href=\"https:\/\/olivroseladodemormon.org\/en\/alexsandro-assancheyds-april-2023-conference\/\" rel=\"bookmark\" aria-label=\"Alexsandro Assancheyds &#8211; April 2023 Conference\"><\/a>\r\n\t\t\t\t\t\t<div class=\"w-vwrapper usg_vwrapper_1 align_none valign_top\" style=\"--vwrapper-gap:1rem\"><div class=\"w-post-elm post_author usg_post_author_1 vcard author color_link_inherit\"><div class=\"post-author-meta\"><div class=\"post-author-name\">Livro Selado<\/div><\/div><\/div><h2 class=\"w-post-elm post_title usg_post_title_1 has_text_color entry-title color_link_inherit\"><a href=\"https:\/\/olivroseladodemormon.org\/en\/alexsandro-assancheyds-april-2023-conference\/\">Alexsandro Assancheyds &#8211; April 2023 Conference<\/a><\/h2><div class=\"w-post-elm post_taxonomy usg_post_taxonomy_1 style_badge\"><a class=\"w-btn us-btn-style_3 term-38 term-lgbt-community\" href=\"https:\/\/olivroseladodemormon.org\/en\/categoria\/lgbt-community\/\"><span class=\"w-btn-label\">LGBT Community<\/span><\/a><\/div><div class=\"w-post-elm post_content usg_post_content_1\">&nbsp; Alexsandro brings in his speech a message of peace, love and especially respect. Based on the April 2022 Revelation, where the Lord reveals the importance of the LGBT Community&hellip;<\/div><a class=\"w-btn us-btn-style_1 usg_btn_1\" href=\"https:\/\/olivroseladodemormon.org\/en\/alexsandro-assancheyds-april-2023-conference\/\"><span class=\"w-btn-label\">Read more<\/span><\/a><\/div>\t\t<\/div>\r\n\t<\/article>\r\n\t<article class=\"w-grid-item us_animate_afb off_autostart post-870 post type-post status-publish format-standard hentry category-lgbt-community category-youth\" data-id=\"870\" style=\"animation-delay:0.1s\">\r\n\t\t<div class=\"w-grid-item-h\">\r\n\t\t\t\t\t\t\t<a class=\"w-grid-item-anchor\" href=\"https:\/\/olivroseladodemormon.org\/en\/rafaela-brandollini-april-2023-conference\/\" rel=\"bookmark\" aria-label=\"Rafaela Brandollini &#8211; April 2023 Conference\"><\/a>\r\n\t\t\t\t\t\t<div class=\"w-vwrapper usg_vwrapper_1 align_none valign_top\" style=\"--vwrapper-gap:1rem\"><div class=\"w-post-elm post_author usg_post_author_1 vcard author color_link_inherit\"><div class=\"post-author-meta\"><div class=\"post-author-name\">Livro Selado<\/div><\/div><\/div><h2 class=\"w-post-elm post_title usg_post_title_1 has_text_color entry-title color_link_inherit\"><a href=\"https:\/\/olivroseladodemormon.org\/en\/rafaela-brandollini-april-2023-conference\/\">Rafaela Brandollini &#8211; April 2023 Conference<\/a><\/h2><div class=\"w-post-elm post_taxonomy usg_post_taxonomy_1 style_badge\"><div class=\"w-post-elm-list\"><a class=\"w-btn us-btn-style_3 term-38 term-lgbt-community\" href=\"https:\/\/olivroseladodemormon.org\/en\/categoria\/lgbt-community\/\"><span class=\"w-btn-label\">LGBT Community<\/span><\/a><a class=\"w-btn us-btn-style_3 term-37 term-youth\" href=\"https:\/\/olivroseladodemormon.org\/en\/categoria\/youth\/\"><span class=\"w-btn-label\">Youth<\/span><\/a><\/div><\/div><div class=\"w-post-elm post_content usg_post_content_1\">&nbsp; Speech by Rafaela Brandollini at the International Conference in April 2023, where she brings us in her message the importance of the Lord&#8217;s Revelations.<\/div><a class=\"w-btn us-btn-style_1 usg_btn_1\" href=\"https:\/\/olivroseladodemormon.org\/en\/rafaela-brandollini-april-2023-conference\/\"><span class=\"w-btn-label\">Read more<\/span><\/a><\/div>\t\t<\/div>\r\n\t<\/article>\r\n\t<article class=\"w-grid-item us_animate_afb off_autostart post-527 post type-post status-publish format-standard hentry category-lgbt-community\" data-id=\"527\" style=\"animation-delay:0.2s\">\r\n\t\t<div class=\"w-grid-item-h\">\r\n\t\t\t\t\t\t\t<a class=\"w-grid-item-anchor\" href=\"https:\/\/olivroseladodemormon.org\/en\/president-of-the-mormon-lgbtq-affirmation\/\" rel=\"bookmark\" aria-label=\"President of the Mormon LGBTQ Affirmation\"><\/a>\r\n\t\t\t\t\t\t<div class=\"w-vwrapper usg_vwrapper_1 align_none valign_top\" style=\"--vwrapper-gap:1rem\"><div class=\"w-post-elm post_author usg_post_author_1 vcard author color_link_inherit\"><div class=\"post-author-meta\"><div class=\"post-author-name\">Alexsandro Assancheyds<\/div><\/div><\/div><h2 class=\"w-post-elm post_title usg_post_title_1 has_text_color entry-title color_link_inherit\"><a href=\"https:\/\/olivroseladodemormon.org\/en\/president-of-the-mormon-lgbtq-affirmation\/\">President of the Mormon LGBTQ Affirmation<\/a><\/h2><div class=\"w-post-elm post_taxonomy usg_post_taxonomy_1 style_badge\"><a class=\"w-btn us-btn-style_3 term-38 term-lgbt-community\" href=\"https:\/\/olivroseladodemormon.org\/en\/categoria\/lgbt-community\/\"><span class=\"w-btn-label\">LGBT Community<\/span><\/a><\/div><div class=\"w-post-elm post_content usg_post_content_1\">Speech given by the President of Affirmation Mormon LGBTQ Families and Friends in Brazil, at the 6th International Conference of the Sealed Book Mormons. The Conference was held in the&hellip;<\/div><a class=\"w-btn us-btn-style_1 usg_btn_1\" href=\"https:\/\/olivroseladodemormon.org\/en\/president-of-the-mormon-lgbtq-affirmation\/\"><span class=\"w-btn-label\">Read more<\/span><\/a><\/div>\t\t<\/div>\r\n\t<\/article>\r\n\t<article class=\"w-grid-item us_animate_afb off_autostart post-528 post type-post status-publish format-standard hentry category-lgbt-community category-youth\" data-id=\"528\" style=\"animation-delay:0.3s\">\r\n\t\t<div class=\"w-grid-item-h\">\r\n\t\t\t\t\t\t\t<a class=\"w-grid-item-anchor\" href=\"https:\/\/olivroseladodemormon.org\/en\/coordinator-of-the-ministry-of-youth\/\" rel=\"bookmark\" aria-label=\"Coordinator of the Ministry of Youth\"><\/a>\r\n\t\t\t\t\t\t<div class=\"w-vwrapper usg_vwrapper_1 align_none valign_top\" style=\"--vwrapper-gap:1rem\"><div class=\"w-post-elm post_author usg_post_author_1 vcard author color_link_inherit\"><div class=\"post-author-meta\"><div class=\"post-author-name\">Rafaela Berger<\/div><\/div><\/div><h2 class=\"w-post-elm post_title usg_post_title_1 has_text_color entry-title color_link_inherit\"><a href=\"https:\/\/olivroseladodemormon.org\/en\/coordinator-of-the-ministry-of-youth\/\">Coordinator of the Ministry of Youth<\/a><\/h2><div class=\"w-post-elm post_taxonomy usg_post_taxonomy_1 style_badge\"><div class=\"w-post-elm-list\"><a class=\"w-btn us-btn-style_3 term-38 term-lgbt-community\" href=\"https:\/\/olivroseladodemormon.org\/en\/categoria\/lgbt-community\/\"><span class=\"w-btn-label\">LGBT Community<\/span><\/a><a class=\"w-btn us-btn-style_3 term-37 term-youth\" href=\"https:\/\/olivroseladodemormon.org\/en\/categoria\/youth\/\"><span class=\"w-btn-label\">Youth<\/span><\/a><\/div><\/div><div class=\"w-post-elm post_content usg_post_content_1\">Speech by Youth Ministry Coordinator Rafaela Brandillini at the 6th International Conference of Sealed Book Mormons. The Conference was held in the city of Palho\u00e7a &#8211; SC &#8211; Brazil &#8211;&hellip;<\/div><a class=\"w-btn us-btn-style_1 usg_btn_1\" href=\"https:\/\/olivroseladodemormon.org\/en\/coordinator-of-the-ministry-of-youth\/\"><span class=\"w-btn-label\">Read more<\/span><\/a><\/div>\t\t<\/div>\r\n\t<\/article>\r\n<\/div><div class=\"w-grid-preloader\"><div class=\"g-preloader type_1\">\r\n\t<div><\/div>\r\n<\/div>\r\n<\/div>\t<div class=\"w-grid-json hidden\" onclick='return {&quot;action&quot;:&quot;us_ajax_grid&quot;,&quot;ajax_url&quot;:&quot;https:\\\/\\\/olivroseladodemormon.org\\\/wp-admin\\\/admin-ajax.php&quot;,&quot;infinite_scroll&quot;:0,&quot;max_num_pages&quot;:1,&quot;pagination&quot;:&quot;regular&quot;,&quot;permalink_url&quot;:&quot;https:\\\/\\\/olivroseladodemormon.org\\\/en\\\/wp-json\\\/wp\\\/v2\\\/pages\\\/254\\\/&quot;,&quot;template_vars&quot;:{&quot;columns&quot;:&quot;3&quot;,&quot;exclude_items&quot;:&quot;none&quot;,&quot;img_size&quot;:&quot;default&quot;,&quot;ignore_items_size&quot;:0,&quot;items_layout&quot;:&quot;58&quot;,&quot;items_offset&quot;:&quot;1&quot;,&quot;load_animation&quot;:&quot;afb&quot;,&quot;overriding_link&quot;:&quot;post&quot;,&quot;post_id&quot;:0,&quot;query_args&quot;:{&quot;post_type&quot;:[&quot;post&quot;],&quot;tax_query&quot;:[{&quot;taxonomy&quot;:&quot;category&quot;,&quot;field&quot;:&quot;slug&quot;,&quot;terms&quot;:[&quot;lgbt-community&quot;]}],&quot;post_status&quot;:[&quot;publish&quot;],&quot;posts_per_page&quot;:&quot;6&quot;},&quot;orderby_query_args&quot;:{&quot;orderby&quot;:{&quot;date&quot;:&quot;DESC&quot;}},&quot;type&quot;:&quot;masonry&quot;,&quot;us_grid_ajax_index&quot;:1,&quot;us_grid_filter_params&quot;:null,&quot;us_grid_index&quot;:1,&quot;_us_grid_post_type&quot;:&quot;post&quot;,&quot;page_args&quot;:[],&quot;lang&quot;:&quot;en&quot;}}'><\/div>\r\n\t<\/div><\/div><\/div><\/div><\/div><\/section>\n","protected":false},"excerpt":{"rendered":"Speech by Youth Ministry Coordinator Rafaela Brandillini at the 6th International Conference of Sealed Book Mormons. The Conference was held in the city of Palho\u00e7a - SC - Brazil - and had presenters from Brazil, Australia and the United States of America.","protected":false},"author":4,"featured_media":0,"parent":0,"menu_order":0,"comment_status":"closed","ping_status":"closed","template":"","meta":{"_monsterinsights_skip_tracking":false,"_monsterinsights_sitenote_active":false,"_monsterinsights_sitenote_note":"","_monsterinsights_sitenote_category":0,"_uf_show_specific_survey":0,"_uf_disable_surveys":false,"footnotes":""},"class_list":["post-254","page","type-page","status-publish","hentry"],"yoast_head":"<!-- This site is optimized with the Yoast SEO plugin v27.4 - https:\/\/yoast.com\/product\/yoast-seo-wordpress\/ -->\n<title>LGBT Community<\/title>\n<meta name=\"robots\" content=\"index, follow, max-snippet:-1, max-image-preview:large, max-video-preview:-1\" \/>\n<link rel=\"canonical\" href=\"https:\/\/olivroseladodemormon.org\/en\/lgbt-community\/\" \/>\n<meta property=\"og:locale\" content=\"en_US\" \/>\n<meta property=\"og:type\" content=\"article\" \/>\n<meta property=\"og:title\" content=\"LGBT Community\" \/>\n<meta property=\"og:url\" content=\"https:\/\/olivroseladodemormon.org\/en\/lgbt-community\/\" \/>\n<meta property=\"og:site_name\" content=\"The Sealed Book of Mormon\" \/>\n<meta property=\"article:publisher\" content=\"https:\/\/www.facebook.com\/olivroseladodemormon\" \/>\n<meta property=\"article:modified_time\" content=\"2025-10-19T15:12:42+00:00\" \/>\n<meta name=\"twitter:card\" content=\"summary_large_image\" \/>\n<meta name=\"twitter:label1\" content=\"Est. reading time\" \/>\n\t<meta name=\"twitter:data1\" content=\"2 minutes\" \/>\n<script type=\"application\/ld+json\" class=\"yoast-schema-graph\">{\"@context\":\"https:\\\/\\\/schema.org\",\"@graph\":[{\"@type\":\"WebPage\",\"@id\":\"https:\\\/\\\/olivroseladodemormon.org\\\/en\\\/lgbt-community\\\/\",\"url\":\"https:\\\/\\\/olivroseladodemormon.org\\\/en\\\/lgbt-community\\\/\",\"name\":\"LGBT Community\",\"isPartOf\":{\"@id\":\"https:\\\/\\\/olivroseladodemormon.org\\\/#website\"},\"datePublished\":\"2023-05-24T20:31:32+00:00\",\"dateModified\":\"2025-10-19T15:12:42+00:00\",\"breadcrumb\":{\"@id\":\"https:\\\/\\\/olivroseladodemormon.org\\\/en\\\/lgbt-community\\\/#breadcrumb\"},\"inLanguage\":\"en-US\",\"potentialAction\":[{\"@type\":\"ReadAction\",\"target\":[\"https:\\\/\\\/olivroseladodemormon.org\\\/en\\\/lgbt-community\\\/\"]}]},{\"@type\":\"BreadcrumbList\",\"@id\":\"https:\\\/\\\/olivroseladodemormon.org\\\/en\\\/lgbt-community\\\/#breadcrumb\",\"itemListElement\":[{\"@type\":\"ListItem\",\"position\":1,\"name\":\"In\u00edcio\",\"item\":\"https:\\\/\\\/olivroseladodemormon.org\\\/en\\\/\"},{\"@type\":\"ListItem\",\"position\":2,\"name\":\"LGBT Community\"}]},{\"@type\":\"WebSite\",\"@id\":\"https:\\\/\\\/olivroseladodemormon.org\\\/#website\",\"url\":\"https:\\\/\\\/olivroseladodemormon.org\\\/\",\"name\":\"The Sealed Book of Mormon\",\"description\":\"N\u00f3s, M\u00f3rmons do Livro Selado, fomos comissionados a dar sequ\u00eancia na restaura\u00e7\u00e3o do evangelho que principiou com o profeta Joseph Smith em meados de 1830, atrav\u00e9s do Livro de M\u00f3rmon, traduzido de antigos registros que deram origem ao mormonismo no s\u00e9culo XIX. O Livro Selado que nos chega agora, em pleno s\u00e9culo XXI, fora tamb\u00e9m traduzido pelo Dom e Poder de Deus das placas de M\u00f3rmon, entregues ao profeta Berger nos dias atuais pelo anjo Moroni em cumprimento das profecias sobre a parcela selada que haveria de surgir nos \u00faltimos dias, a fim de resgatar a Igreja de Cristo da obscuridade e das trevas.\",\"publisher\":{\"@id\":\"https:\\\/\\\/olivroseladodemormon.org\\\/#organization\"},\"potentialAction\":[{\"@type\":\"SearchAction\",\"target\":{\"@type\":\"EntryPoint\",\"urlTemplate\":\"https:\\\/\\\/olivroseladodemormon.org\\\/?s={search_term_string}\"},\"query-input\":{\"@type\":\"PropertyValueSpecification\",\"valueRequired\":true,\"valueName\":\"search_term_string\"}}],\"inLanguage\":\"en-US\"},{\"@type\":\"Organization\",\"@id\":\"https:\\\/\\\/olivroseladodemormon.org\\\/#organization\",\"name\":\"O Livro Selado de M\u00f3rmon\",\"url\":\"https:\\\/\\\/olivroseladodemormon.org\\\/\",\"logo\":{\"@type\":\"ImageObject\",\"inLanguage\":\"en-US\",\"@id\":\"https:\\\/\\\/olivroseladodemormon.org\\\/#\\\/schema\\\/logo\\\/image\\\/\",\"url\":\"https:\\\/\\\/olivroseladodemormon.org\\\/wp-content\\\/uploads\\\/2023\\\/06\\\/zion-logo.png\",\"contentUrl\":\"https:\\\/\\\/olivroseladodemormon.org\\\/wp-content\\\/uploads\\\/2023\\\/06\\\/zion-logo.png\",\"width\":500,\"height\":500,\"caption\":\"O Livro Selado de M\u00f3rmon\"},\"image\":{\"@id\":\"https:\\\/\\\/olivroseladodemormon.org\\\/#\\\/schema\\\/logo\\\/image\\\/\"},\"sameAs\":[\"https:\\\/\\\/www.facebook.com\\\/olivroseladodemormon\",\"https:\\\/\\\/www.instagram.com\\\/livroseladodemormon\\\/\"]}]}<\/script>\n<!-- \/ Yoast SEO plugin. -->","yoast_head_json":{"title":"LGBT Community","robots":{"index":"index","follow":"follow","max-snippet":"max-snippet:-1","max-image-preview":"max-image-preview:large","max-video-preview":"max-video-preview:-1"},"canonical":"https:\/\/olivroseladodemormon.org\/en\/lgbt-community\/","og_locale":"en_US","og_type":"article","og_title":"LGBT Community","og_url":"https:\/\/olivroseladodemormon.org\/en\/lgbt-community\/","og_site_name":"The Sealed Book of Mormon","article_publisher":"https:\/\/www.facebook.com\/olivroseladodemormon","article_modified_time":"2025-10-19T15:12:42+00:00","twitter_card":"summary_large_image","twitter_misc":{"Est. reading time":"2 minutes"},"schema":{"@context":"https:\/\/schema.org","@graph":[{"@type":"WebPage","@id":"https:\/\/olivroseladodemormon.org\/en\/lgbt-community\/","url":"https:\/\/olivroseladodemormon.org\/en\/lgbt-community\/","name":"LGBT Community","isPartOf":{"@id":"https:\/\/olivroseladodemormon.org\/#website"},"datePublished":"2023-05-24T20:31:32+00:00","dateModified":"2025-10-19T15:12:42+00:00","breadcrumb":{"@id":"https:\/\/olivroseladodemormon.org\/en\/lgbt-community\/#breadcrumb"},"inLanguage":"en-US","potentialAction":[{"@type":"ReadAction","target":["https:\/\/olivroseladodemormon.org\/en\/lgbt-community\/"]}]},{"@type":"BreadcrumbList","@id":"https:\/\/olivroseladodemormon.org\/en\/lgbt-community\/#breadcrumb","itemListElement":[{"@type":"ListItem","position":1,"name":"In\u00edcio","item":"https:\/\/olivroseladodemormon.org\/en\/"},{"@type":"ListItem","position":2,"name":"LGBT Community"}]},{"@type":"WebSite","@id":"https:\/\/olivroseladodemormon.org\/#website","url":"https:\/\/olivroseladodemormon.org\/","name":"The Sealed Book of Mormon","description":"N\u00f3s, M\u00f3rmons do Livro Selado, fomos comissionados a dar sequ\u00eancia na restaura\u00e7\u00e3o do evangelho que principiou com o profeta Joseph Smith em meados de 1830, atrav\u00e9s do Livro de M\u00f3rmon, traduzido de antigos registros que deram origem ao mormonismo no s\u00e9culo XIX. O Livro Selado que nos chega agora, em pleno s\u00e9culo XXI, fora tamb\u00e9m traduzido pelo Dom e Poder de Deus das placas de M\u00f3rmon, entregues ao profeta Berger nos dias atuais pelo anjo Moroni em cumprimento das profecias sobre a parcela selada que haveria de surgir nos \u00faltimos dias, a fim de resgatar a Igreja de Cristo da obscuridade e das trevas.","publisher":{"@id":"https:\/\/olivroseladodemormon.org\/#organization"},"potentialAction":[{"@type":"SearchAction","target":{"@type":"EntryPoint","urlTemplate":"https:\/\/olivroseladodemormon.org\/?s={search_term_string}"},"query-input":{"@type":"PropertyValueSpecification","valueRequired":true,"valueName":"search_term_string"}}],"inLanguage":"en-US"},{"@type":"Organization","@id":"https:\/\/olivroseladodemormon.org\/#organization","name":"O Livro Selado de M\u00f3rmon","url":"https:\/\/olivroseladodemormon.org\/","logo":{"@type":"ImageObject","inLanguage":"en-US","@id":"https:\/\/olivroseladodemormon.org\/#\/schema\/logo\/image\/","url":"https:\/\/olivroseladodemormon.org\/wp-content\/uploads\/2023\/06\/zion-logo.png","contentUrl":"https:\/\/olivroseladodemormon.org\/wp-content\/uploads\/2023\/06\/zion-logo.png","width":500,"height":500,"caption":"O Livro Selado de M\u00f3rmon"},"image":{"@id":"https:\/\/olivroseladodemormon.org\/#\/schema\/logo\/image\/"},"sameAs":["https:\/\/www.facebook.com\/olivroseladodemormon","https:\/\/www.instagram.com\/livroseladodemormon\/"]}]}},"_links":{"self":[{"href":"https:\/\/olivroseladodemormon.org\/en\/wp-json\/wp\/v2\/pages\/254","targetHints":{"allow":["GET"]}}],"collection":[{"href":"https:\/\/olivroseladodemormon.org\/en\/wp-json\/wp\/v2\/pages"}],"about":[{"href":"https:\/\/olivroseladodemormon.org\/en\/wp-json\/wp\/v2\/types\/page"}],"author":[{"embeddable":true,"href":"https:\/\/olivroseladodemormon.org\/en\/wp-json\/wp\/v2\/users\/4"}],"replies":[{"embeddable":true,"href":"https:\/\/olivroseladodemormon.org\/en\/wp-json\/wp\/v2\/comments?post=254"}],"version-history":[{"count":3,"href":"https:\/\/olivroseladodemormon.org\/en\/wp-json\/wp\/v2\/pages\/254\/revisions"}],"predecessor-version":[{"id":2758,"href":"https:\/\/olivroseladodemormon.org\/en\/wp-json\/wp\/v2\/pages\/254\/revisions\/2758"}],"wp:attachment":[{"href":"https:\/\/olivroseladodemormon.org\/en\/wp-json\/wp\/v2\/media?parent=254"}],"curies":[{"name":"wp","href":"https:\/\/api.w.org\/{rel}","templated":true}]}}