{"id":253,"date":"2023-06-01T15:46:13","date_gmt":"2023-06-01T18:46:13","guid":{"rendered":"https:\/\/olivroseladodemormon.org\/locais-de-refugio\/"},"modified":"2026-01-27T11:07:58","modified_gmt":"2026-01-27T14:07:58","slug":"places-of-refuge","status":"publish","type":"page","link":"https:\/\/olivroseladodemormon.org\/en\/places-of-refuge\/","title":{"rendered":"Places of Refuge"},"content":{"rendered":"<section class=\"l-section wpb_row height_medium\"><div class=\"l-section-h i-cf\"><div class=\"g-cols vc_row via_grid cols_1 laptops-cols_inherit tablets-cols_inherit mobiles-cols_1 valign_top type_default stacking_default\"><div class=\"wpb_column vc_column_container\"><div class=\"vc_column-inner\"><div class=\"g-cols wpb_row via_grid cols_2 laptops-cols_inherit tablets-cols_inherit mobiles-cols_1 valign_top type_default stacking_default\"><div class=\"wpb_column vc_column_container type_sticky\"><div class=\"vc_column-inner\"><div class=\"w-image us_custom_e5e87c3f us_animate_this align_center\"><div class=\"w-image-h\"><img decoding=\"async\" width=\"900\" height=\"507\" src=\"https:\/\/olivroseladodemormon.org\/wp-content\/uploads\/2023\/06\/locais-de-refugio-1.jpg\" class=\"attachment-large size-large\" alt=\"\" srcset=\"https:\/\/olivroseladodemormon.org\/wp-content\/uploads\/2023\/06\/locais-de-refugio-1.jpg 900w, https:\/\/olivroseladodemormon.org\/wp-content\/uploads\/2023\/06\/locais-de-refugio-1-300x169.jpg 300w\" sizes=\"(max-width: 900px) 100vw, 900px\" \/><\/div><\/div><\/div><\/div><div class=\"wpb_column vc_column_container\"><div class=\"vc_column-inner\"><h2 class=\"w-text us_custom_4c822b39 us_animate_this\"><span class=\"w-text-h\"><span class=\"w-text-value\">Places of Refuge<\/span><\/span><\/h2><div class=\"wpb_text_column us_custom_4837cec5 us_animate_this\"><div class=\"wpb_wrapper\"><p>We believe that, as the prophecies unfold, there will be a time in the future when the world will collapse financially, however, if we are prepared, like the people of Alma, there will be places previously arranged to serve as refuge and shelter, in which God will provide us with peace, security and tranquility. \u2014 Understand more about the people of Alma by downloading <a href=\"https:\/\/olivroseladodemormon.org\/en\/download\/\">The Sealed Book for free here<\/a> and read the text of Acts of the Three Nephites 13:4-5<\/p>\n<p>Little by little, as this work of the Second Invitation expands, we will have, here and there, some places of refuge in full operation, just like the one you can see on this website, or view daily here, in order to follow along the initial development phase of our first place of refuge in Brazil.<\/p>\n<\/div><\/div><\/div><\/div><\/div><\/div><\/div><\/div><\/div><\/section><section class=\"l-section wpb_row height_medium color_alternate\"><div class=\"l-section-h i-cf\"><div class=\"g-cols vc_row via_grid cols_1 laptops-cols_inherit tablets-cols_inherit mobiles-cols_1 valign_top type_default stacking_default\"><div class=\"wpb_column vc_column_container\"><div class=\"vc_column-inner\"><\/div><\/div><\/div><\/div><\/section>\n","protected":false},"excerpt":{"rendered":"Places of RefugeWe believe that, as the prophecies unfold, there will be a time in the future when the world will collapse financially, however, if we are prepared, like the people of Alma, there will be places previously arranged to serve as refuge and shelter, in which God will provide us with peace, security and...","protected":false},"author":6,"featured_media":243,"parent":0,"menu_order":0,"comment_status":"closed","ping_status":"closed","template":"","meta":{"_monsterinsights_skip_tracking":false,"_monsterinsights_sitenote_active":false,"_monsterinsights_sitenote_note":"","_monsterinsights_sitenote_category":0,"_uf_show_specific_survey":0,"_uf_disable_surveys":false,"footnotes":""},"class_list":["post-253","page","type-page","status-publish","has-post-thumbnail","hentry"],"yoast_head":"<!-- This site is optimized with the Yoast SEO plugin v27.4 - https:\/\/yoast.com\/product\/yoast-seo-wordpress\/ -->\n<title>Places of Refuge<\/title>\n<meta name=\"robots\" content=\"index, follow, max-snippet:-1, max-image-preview:large, max-video-preview:-1\" \/>\n<link rel=\"canonical\" href=\"https:\/\/olivroseladodemormon.org\/en\/places-of-refuge\/\" \/>\n<meta property=\"og:locale\" content=\"en_US\" \/>\n<meta property=\"og:type\" content=\"article\" \/>\n<meta property=\"og:title\" content=\"Places of Refuge\" \/>\n<meta property=\"og:url\" content=\"https:\/\/olivroseladodemormon.org\/en\/places-of-refuge\/\" \/>\n<meta property=\"og:site_name\" content=\"The Sealed Book of Mormon\" \/>\n<meta property=\"article:publisher\" content=\"https:\/\/www.facebook.com\/olivroseladodemormon\" \/>\n<meta property=\"article:modified_time\" content=\"2026-01-27T14:07:58+00:00\" \/>\n<meta property=\"og:image\" content=\"https:\/\/olivroseladodemormon.org\/wp-content\/uploads\/2023\/05\/sample.jpg\" \/>\n\t<meta property=\"og:image:width\" content=\"900\" \/>\n\t<meta property=\"og:image:height\" content=\"600\" \/>\n\t<meta property=\"og:image:type\" content=\"image\/jpeg\" \/>\n<meta name=\"twitter:card\" content=\"summary_large_image\" \/>\n<meta name=\"twitter:label1\" content=\"Est. reading time\" \/>\n\t<meta name=\"twitter:data1\" content=\"2 minutes\" \/>\n<script type=\"application\/ld+json\" class=\"yoast-schema-graph\">{\"@context\":\"https:\\\/\\\/schema.org\",\"@graph\":[{\"@type\":\"WebPage\",\"@id\":\"https:\\\/\\\/olivroseladodemormon.org\\\/en\\\/places-of-refuge\\\/\",\"url\":\"https:\\\/\\\/olivroseladodemormon.org\\\/en\\\/places-of-refuge\\\/\",\"name\":\"Places of Refuge\",\"isPartOf\":{\"@id\":\"https:\\\/\\\/olivroseladodemormon.org\\\/#website\"},\"primaryImageOfPage\":{\"@id\":\"https:\\\/\\\/olivroseladodemormon.org\\\/en\\\/places-of-refuge\\\/#primaryimage\"},\"image\":{\"@id\":\"https:\\\/\\\/olivroseladodemormon.org\\\/en\\\/places-of-refuge\\\/#primaryimage\"},\"thumbnailUrl\":\"https:\\\/\\\/olivroseladodemormon.org\\\/wp-content\\\/uploads\\\/2023\\\/05\\\/sample.jpg\",\"datePublished\":\"2023-06-01T18:46:13+00:00\",\"dateModified\":\"2026-01-27T14:07:58+00:00\",\"breadcrumb\":{\"@id\":\"https:\\\/\\\/olivroseladodemormon.org\\\/en\\\/places-of-refuge\\\/#breadcrumb\"},\"inLanguage\":\"en-US\",\"potentialAction\":[{\"@type\":\"ReadAction\",\"target\":[\"https:\\\/\\\/olivroseladodemormon.org\\\/en\\\/places-of-refuge\\\/\"]}]},{\"@type\":\"ImageObject\",\"inLanguage\":\"en-US\",\"@id\":\"https:\\\/\\\/olivroseladodemormon.org\\\/en\\\/places-of-refuge\\\/#primaryimage\",\"url\":\"https:\\\/\\\/olivroseladodemormon.org\\\/wp-content\\\/uploads\\\/2023\\\/05\\\/sample.jpg\",\"contentUrl\":\"https:\\\/\\\/olivroseladodemormon.org\\\/wp-content\\\/uploads\\\/2023\\\/05\\\/sample.jpg\",\"width\":900,\"height\":600},{\"@type\":\"BreadcrumbList\",\"@id\":\"https:\\\/\\\/olivroseladodemormon.org\\\/en\\\/places-of-refuge\\\/#breadcrumb\",\"itemListElement\":[{\"@type\":\"ListItem\",\"position\":1,\"name\":\"In\u00edcio\",\"item\":\"https:\\\/\\\/olivroseladodemormon.org\\\/en\\\/\"},{\"@type\":\"ListItem\",\"position\":2,\"name\":\"Places of Refuge\"}]},{\"@type\":\"WebSite\",\"@id\":\"https:\\\/\\\/olivroseladodemormon.org\\\/#website\",\"url\":\"https:\\\/\\\/olivroseladodemormon.org\\\/\",\"name\":\"The Sealed Book of Mormon\",\"description\":\"N\u00f3s, M\u00f3rmons do Livro Selado, fomos comissionados a dar sequ\u00eancia na restaura\u00e7\u00e3o do evangelho que principiou com o profeta Joseph Smith em meados de 1830, atrav\u00e9s do Livro de M\u00f3rmon, traduzido de antigos registros que deram origem ao mormonismo no s\u00e9culo XIX. O Livro Selado que nos chega agora, em pleno s\u00e9culo XXI, fora tamb\u00e9m traduzido pelo Dom e Poder de Deus das placas de M\u00f3rmon, entregues ao profeta Berger nos dias atuais pelo anjo Moroni em cumprimento das profecias sobre a parcela selada que haveria de surgir nos \u00faltimos dias, a fim de resgatar a Igreja de Cristo da obscuridade e das trevas.\",\"publisher\":{\"@id\":\"https:\\\/\\\/olivroseladodemormon.org\\\/#organization\"},\"potentialAction\":[{\"@type\":\"SearchAction\",\"target\":{\"@type\":\"EntryPoint\",\"urlTemplate\":\"https:\\\/\\\/olivroseladodemormon.org\\\/?s={search_term_string}\"},\"query-input\":{\"@type\":\"PropertyValueSpecification\",\"valueRequired\":true,\"valueName\":\"search_term_string\"}}],\"inLanguage\":\"en-US\"},{\"@type\":\"Organization\",\"@id\":\"https:\\\/\\\/olivroseladodemormon.org\\\/#organization\",\"name\":\"O Livro Selado de M\u00f3rmon\",\"url\":\"https:\\\/\\\/olivroseladodemormon.org\\\/\",\"logo\":{\"@type\":\"ImageObject\",\"inLanguage\":\"en-US\",\"@id\":\"https:\\\/\\\/olivroseladodemormon.org\\\/#\\\/schema\\\/logo\\\/image\\\/\",\"url\":\"https:\\\/\\\/olivroseladodemormon.org\\\/wp-content\\\/uploads\\\/2023\\\/06\\\/zion-logo.png\",\"contentUrl\":\"https:\\\/\\\/olivroseladodemormon.org\\\/wp-content\\\/uploads\\\/2023\\\/06\\\/zion-logo.png\",\"width\":500,\"height\":500,\"caption\":\"O Livro Selado de M\u00f3rmon\"},\"image\":{\"@id\":\"https:\\\/\\\/olivroseladodemormon.org\\\/#\\\/schema\\\/logo\\\/image\\\/\"},\"sameAs\":[\"https:\\\/\\\/www.facebook.com\\\/olivroseladodemormon\",\"https:\\\/\\\/www.instagram.com\\\/livroseladodemormon\\\/\"]}]}<\/script>\n<!-- \/ Yoast SEO plugin. -->","yoast_head_json":{"title":"Places of Refuge","robots":{"index":"index","follow":"follow","max-snippet":"max-snippet:-1","max-image-preview":"max-image-preview:large","max-video-preview":"max-video-preview:-1"},"canonical":"https:\/\/olivroseladodemormon.org\/en\/places-of-refuge\/","og_locale":"en_US","og_type":"article","og_title":"Places of Refuge","og_url":"https:\/\/olivroseladodemormon.org\/en\/places-of-refuge\/","og_site_name":"The Sealed Book of Mormon","article_publisher":"https:\/\/www.facebook.com\/olivroseladodemormon","article_modified_time":"2026-01-27T14:07:58+00:00","og_image":[{"width":900,"height":600,"url":"https:\/\/olivroseladodemormon.org\/wp-content\/uploads\/2023\/05\/sample.jpg","type":"image\/jpeg"}],"twitter_card":"summary_large_image","twitter_misc":{"Est. reading time":"2 minutes"},"schema":{"@context":"https:\/\/schema.org","@graph":[{"@type":"WebPage","@id":"https:\/\/olivroseladodemormon.org\/en\/places-of-refuge\/","url":"https:\/\/olivroseladodemormon.org\/en\/places-of-refuge\/","name":"Places of Refuge","isPartOf":{"@id":"https:\/\/olivroseladodemormon.org\/#website"},"primaryImageOfPage":{"@id":"https:\/\/olivroseladodemormon.org\/en\/places-of-refuge\/#primaryimage"},"image":{"@id":"https:\/\/olivroseladodemormon.org\/en\/places-of-refuge\/#primaryimage"},"thumbnailUrl":"https:\/\/olivroseladodemormon.org\/wp-content\/uploads\/2023\/05\/sample.jpg","datePublished":"2023-06-01T18:46:13+00:00","dateModified":"2026-01-27T14:07:58+00:00","breadcrumb":{"@id":"https:\/\/olivroseladodemormon.org\/en\/places-of-refuge\/#breadcrumb"},"inLanguage":"en-US","potentialAction":[{"@type":"ReadAction","target":["https:\/\/olivroseladodemormon.org\/en\/places-of-refuge\/"]}]},{"@type":"ImageObject","inLanguage":"en-US","@id":"https:\/\/olivroseladodemormon.org\/en\/places-of-refuge\/#primaryimage","url":"https:\/\/olivroseladodemormon.org\/wp-content\/uploads\/2023\/05\/sample.jpg","contentUrl":"https:\/\/olivroseladodemormon.org\/wp-content\/uploads\/2023\/05\/sample.jpg","width":900,"height":600},{"@type":"BreadcrumbList","@id":"https:\/\/olivroseladodemormon.org\/en\/places-of-refuge\/#breadcrumb","itemListElement":[{"@type":"ListItem","position":1,"name":"In\u00edcio","item":"https:\/\/olivroseladodemormon.org\/en\/"},{"@type":"ListItem","position":2,"name":"Places of Refuge"}]},{"@type":"WebSite","@id":"https:\/\/olivroseladodemormon.org\/#website","url":"https:\/\/olivroseladodemormon.org\/","name":"The Sealed Book of Mormon","description":"N\u00f3s, M\u00f3rmons do Livro Selado, fomos comissionados a dar sequ\u00eancia na restaura\u00e7\u00e3o do evangelho que principiou com o profeta Joseph Smith em meados de 1830, atrav\u00e9s do Livro de M\u00f3rmon, traduzido de antigos registros que deram origem ao mormonismo no s\u00e9culo XIX. O Livro Selado que nos chega agora, em pleno s\u00e9culo XXI, fora tamb\u00e9m traduzido pelo Dom e Poder de Deus das placas de M\u00f3rmon, entregues ao profeta Berger nos dias atuais pelo anjo Moroni em cumprimento das profecias sobre a parcela selada que haveria de surgir nos \u00faltimos dias, a fim de resgatar a Igreja de Cristo da obscuridade e das trevas.","publisher":{"@id":"https:\/\/olivroseladodemormon.org\/#organization"},"potentialAction":[{"@type":"SearchAction","target":{"@type":"EntryPoint","urlTemplate":"https:\/\/olivroseladodemormon.org\/?s={search_term_string}"},"query-input":{"@type":"PropertyValueSpecification","valueRequired":true,"valueName":"search_term_string"}}],"inLanguage":"en-US"},{"@type":"Organization","@id":"https:\/\/olivroseladodemormon.org\/#organization","name":"O Livro Selado de M\u00f3rmon","url":"https:\/\/olivroseladodemormon.org\/","logo":{"@type":"ImageObject","inLanguage":"en-US","@id":"https:\/\/olivroseladodemormon.org\/#\/schema\/logo\/image\/","url":"https:\/\/olivroseladodemormon.org\/wp-content\/uploads\/2023\/06\/zion-logo.png","contentUrl":"https:\/\/olivroseladodemormon.org\/wp-content\/uploads\/2023\/06\/zion-logo.png","width":500,"height":500,"caption":"O Livro Selado de M\u00f3rmon"},"image":{"@id":"https:\/\/olivroseladodemormon.org\/#\/schema\/logo\/image\/"},"sameAs":["https:\/\/www.facebook.com\/olivroseladodemormon","https:\/\/www.instagram.com\/livroseladodemormon\/"]}]}},"_links":{"self":[{"href":"https:\/\/olivroseladodemormon.org\/en\/wp-json\/wp\/v2\/pages\/253","targetHints":{"allow":["GET"]}}],"collection":[{"href":"https:\/\/olivroseladodemormon.org\/en\/wp-json\/wp\/v2\/pages"}],"about":[{"href":"https:\/\/olivroseladodemormon.org\/en\/wp-json\/wp\/v2\/types\/page"}],"author":[{"embeddable":true,"href":"https:\/\/olivroseladodemormon.org\/en\/wp-json\/wp\/v2\/users\/6"}],"replies":[{"embeddable":true,"href":"https:\/\/olivroseladodemormon.org\/en\/wp-json\/wp\/v2\/comments?post=253"}],"version-history":[{"count":2,"href":"https:\/\/olivroseladodemormon.org\/en\/wp-json\/wp\/v2\/pages\/253\/revisions"}],"predecessor-version":[{"id":2688,"href":"https:\/\/olivroseladodemormon.org\/en\/wp-json\/wp\/v2\/pages\/253\/revisions\/2688"}],"wp:featuredmedia":[{"embeddable":true,"href":"https:\/\/olivroseladodemormon.org\/en\/wp-json\/wp\/v2\/media\/243"}],"wp:attachment":[{"href":"https:\/\/olivroseladodemormon.org\/en\/wp-json\/wp\/v2\/media?parent=253"}],"curies":[{"name":"wp","href":"https:\/\/api.w.org\/{rel}","templated":true}]}}